{"id":2674,"date":"2024-02-06T13:24:32","date_gmt":"2024-02-06T13:24:32","guid":{"rendered":"https:\/\/a1techsmart.com\/?page_id=2674"},"modified":"2024-02-08T18:22:00","modified_gmt":"2024-02-08T18:22:00","slug":"cctv","status":"publish","type":"page","link":"https:\/\/a1techsmart.com\/es\/cctv\/","title":{"rendered":"CCTV"},"content":{"rendered":"<div class=\"wpb-content-wrapper\"><div class=\"vc_row wpb_row vc_row-fluid\"><div class=\"wpb_column vc_column_container vc_col-sm-12\"><div class=\"vc_column-inner\"><div class=\"wpb_wrapper\"><div class=\"vc_row wpb_row vc_inner vc_row-fluid\"><div class=\"wpb_column vc_column_container vc_col-sm-6\"><div class=\"vc_column-inner\"><div class=\"wpb_wrapper\"><div class=\"vc_empty_space\"   style=\"height: 40px\"><span class=\"vc_empty_space_inner\"><\/span><\/div><div class=\"vc_empty_space\"   style=\"height: 40px\"><span class=\"vc_empty_space_inner\"><\/span><\/div>\n\t<div class=\"wpb_text_column wpb_content_element\" >\n\t\t<div class=\"wpb_wrapper\">\n\t\t\t<h4><span style=\"color: #000000;\">A1 Tech Smart es tu aliado en venta e instalaci\u00f3n de c\u00e1maras de seguridad. Con m\u00e1s de 10 a\u00f1os de experiencia, ofrecemos servicios de consultor\u00eda, personalizaci\u00f3n e instalaci\u00f3n de sistemas integrales de c\u00e1maras de seguridad. Nuestro equipo de instaladores profesionales se encarga de seleccionar, colocar e integrar cuidadosamente todos los componentes del sistema para garantizar un perfecto funcionamiento.<\/span><\/h4>\n\n\t\t<\/div>\n\t<\/div>\n<\/div><\/div><\/div><div class=\"wpb_column vc_column_container vc_col-sm-6\"><div class=\"vc_column-inner\"><div class=\"wpb_wrapper\">\n\t<div  class=\"wpb_single_image wpb_content_element vc_align_center\">\n\t\t\n\t\t<figure class=\"wpb_wrapper vc_figure\">\n\t\t\t<div class=\"vc_single_image-wrapper vc_box_shadow  vc_box_border_grey\"><img loading=\"lazy\" decoding=\"async\" width=\"1000\" height=\"667\" src=\"https:\/\/a1techsmart.com\/wp-content\/uploads\/2024\/02\/camara-vigilancia-incorporada-muro-piedra-edificio.jpg\" class=\"vc_single_image-img attachment-full\" alt=\"\" title=\"camara-vigilancia-incorporada-muro-piedra-edificio\" srcset=\"https:\/\/a1techsmart.com\/wp-content\/uploads\/2024\/02\/camara-vigilancia-incorporada-muro-piedra-edificio.jpg 1000w, https:\/\/a1techsmart.com\/wp-content\/uploads\/2024\/02\/camara-vigilancia-incorporada-muro-piedra-edificio-300x200.jpg 300w, https:\/\/a1techsmart.com\/wp-content\/uploads\/2024\/02\/camara-vigilancia-incorporada-muro-piedra-edificio-768x512.jpg 768w, https:\/\/a1techsmart.com\/wp-content\/uploads\/2024\/02\/camara-vigilancia-incorporada-muro-piedra-edificio-360x240.jpg 360w\" sizes=\"auto, (max-width: 1000px) 100vw, 1000px\" \/><\/div>\n\t\t<\/figure>\n\t<\/div>\n<\/div><\/div><\/div><\/div><div class=\"vc_row wpb_row vc_inner vc_row-fluid\"><div class=\"wpb_column vc_column_container vc_col-sm-6\"><div class=\"vc_column-inner\"><div class=\"wpb_wrapper\">\n\t<div class=\"wpb_text_column wpb_content_element\" >\n\t\t<div class=\"wpb_wrapper\">\n\t\t\t<h2 style=\"text-align: center;\"><span style=\"color: #17469e;\">Nuestros servicios incluyen:<\/span><\/h2>\n<p><span style=\"color: #000000;\"><strong>Venta e Instalaci\u00f3n:<\/strong> Ofrecemos c\u00e1maras anal\u00f3gicas, Wi-Fi e IP, adapt\u00e1ndonos a tus necesidades espec\u00edficas.<\/span><br \/>\n<span style=\"color: #000000;\"><strong>Monitoreo continuo:<\/strong> Nuestros sistemas monitorean cualquier actividad sospechosa, brindando tranquilidad.<\/span><br \/>\n<span style=\"color: #000000;\"><strong>Archivos de video:<\/strong> Almacenamos las grabaciones en el disco duro o en la nube para referencia futura.<\/span><br \/>\n<span style=\"color: #000000;\"><strong>Acceso remoto:<\/strong> Integramos tecnolog\u00eda para la supervisi\u00f3n remota v\u00eda Internet.<\/span><br \/>\n<span style=\"color: #000000;\"><strong>Dise\u00f1o personalizado<\/strong> Evaluamos tus necesidades y dise\u00f1amos un sistema \u00f3ptimo para tu hogar, negocio o empresa.<\/span><\/p>\n\n\t\t<\/div>\n\t<\/div>\n<\/div><\/div><\/div><div class=\"wpb_column vc_column_container vc_col-sm-6\"><div class=\"vc_column-inner\"><div class=\"wpb_wrapper\">\n\t<div class=\"wpb_text_column wpb_content_element\" >\n\t\t<div class=\"wpb_wrapper\">\n\t\t\t<h2 style=\"text-align: center;\"><span style=\"color: #17469e;\">Beneficios de nuestro servicio:<\/span><\/h2>\n<p><span style=\"color: #000000;\"><strong>Mitigaci\u00f3n de vulnerabilidades:<\/strong> Identificamos y abordamos los riesgos de seguridad de forma proactiva y reactiva.<\/span><br \/>\n<span style=\"color: #000000;\"><strong>Calidad garantizada:<\/strong> We deliver efficient and high quality systems.<\/span><br \/>\n<span style=\"color: #000000;\"><strong>Experiencia probada:<\/strong> M\u00e1s de 10 a\u00f1os avalan nuestro trabajo.<\/span><\/p>\n\n\t\t<\/div>\n\t<\/div>\n\n\t<div  class=\"wpb_single_image wpb_content_element vc_align_left\">\n\t\t\n\t\t<figure class=\"wpb_wrapper vc_figure\">\n\t\t\t<div class=\"vc_single_image-wrapper   vc_box_border_grey\"><img loading=\"lazy\" decoding=\"async\" width=\"1772\" height=\"567\" src=\"https:\/\/a1techsmart.com\/wp-content\/uploads\/2024\/01\/Logo-A1-Tech-Smart_Mesa-de-trabajo-1-e1706538798203.png\" class=\"vc_single_image-img attachment-full\" alt=\"\" title=\"Logo A1 Tech Smart_Mesa de trabajo 1\" srcset=\"https:\/\/a1techsmart.com\/wp-content\/uploads\/2024\/01\/Logo-A1-Tech-Smart_Mesa-de-trabajo-1-e1706538798203.png 1772w, https:\/\/a1techsmart.com\/wp-content\/uploads\/2024\/01\/Logo-A1-Tech-Smart_Mesa-de-trabajo-1-e1706538798203-300x96.png 300w, https:\/\/a1techsmart.com\/wp-content\/uploads\/2024\/01\/Logo-A1-Tech-Smart_Mesa-de-trabajo-1-e1706538798203-1024x328.png 1024w, https:\/\/a1techsmart.com\/wp-content\/uploads\/2024\/01\/Logo-A1-Tech-Smart_Mesa-de-trabajo-1-e1706538798203-768x246.png 768w, https:\/\/a1techsmart.com\/wp-content\/uploads\/2024\/01\/Logo-A1-Tech-Smart_Mesa-de-trabajo-1-e1706538798203-1536x491.png 1536w\" sizes=\"auto, (max-width: 1772px) 100vw, 1772px\" \/><\/div>\n\t\t<\/figure>\n\t<\/div>\n<div class=\"vc_empty_space\"   style=\"height: 32px\"><span class=\"vc_empty_space_inner\"><\/span><\/div><\/div><\/div><\/div><\/div><\/div><\/div><\/div><\/div><div data-vc-full-width=\"true\" data-vc-full-width-init=\"false\" data-vc-stretch-content=\"true\" class=\"vc_row wpb_row vc_row-fluid vc_custom_1707228667089 vc_row-has-fill vc_row-no-padding\"><div class=\"wpb_column vc_column_container vc_col-sm-8\"><div class=\"vc_column-inner\"><div class=\"wpb_wrapper\">\n\t<div class=\"wpb_text_column wpb_content_element\" >\n\t\t<div class=\"wpb_wrapper\">\n\t\t\t<h2 style=\"text-align: center;\"><span style=\"color: #ffffff;\">\u00a1Si tiene alguna pregunta, por favor cont\u00e1ctenos!<\/span><\/h2>\n\n\t\t<\/div>\n\t<\/div>\n<\/div><\/div><\/div><div class=\"wpb_column vc_column_container vc_col-sm-4\"><div class=\"vc_column-inner\"><div class=\"wpb_wrapper\"><div class=\"vc_empty_space\"   style=\"height: 32px\"><span class=\"vc_empty_space_inner\"><\/span><\/div><div class=\"sober-button-wrapper text-center\"><a href=\"https:\/\/a1techsmart.com\/es\/contact-us\/\" title=\"Contactanos\" class=\"sober-button button-type-normal button-color-dark align-center   button normal button-normal\">Contactanos<\/a><\/div><div class=\"vc_empty_space\"   style=\"height: 32px\"><span class=\"vc_empty_space_inner\"><\/span><\/div><\/div><\/div><\/div><\/div><div class=\"vc_row-full-width vc_clearfix\"><\/div>\n<\/div>","protected":false},"excerpt":{"rendered":"A1 Tech Smart is your ally in sales and installation of security cameras. With more&hellip;","protected":false},"author":1,"featured_media":0,"parent":0,"menu_order":0,"comment_status":"closed","ping_status":"closed","template":"","meta":{"footnotes":""},"class_list":["post-2674","page","type-page","status-publish","hentry"],"_links":{"self":[{"href":"https:\/\/a1techsmart.com\/es\/wp-json\/wp\/v2\/pages\/2674","targetHints":{"allow":["GET"]}}],"collection":[{"href":"https:\/\/a1techsmart.com\/es\/wp-json\/wp\/v2\/pages"}],"about":[{"href":"https:\/\/a1techsmart.com\/es\/wp-json\/wp\/v2\/types\/page"}],"author":[{"embeddable":true,"href":"https:\/\/a1techsmart.com\/es\/wp-json\/wp\/v2\/users\/1"}],"replies":[{"embeddable":true,"href":"https:\/\/a1techsmart.com\/es\/wp-json\/wp\/v2\/comments?post=2674"}],"version-history":[{"count":7,"href":"https:\/\/a1techsmart.com\/es\/wp-json\/wp\/v2\/pages\/2674\/revisions"}],"predecessor-version":[{"id":2834,"href":"https:\/\/a1techsmart.com\/es\/wp-json\/wp\/v2\/pages\/2674\/revisions\/2834"}],"wp:attachment":[{"href":"https:\/\/a1techsmart.com\/es\/wp-json\/wp\/v2\/media?parent=2674"}],"curies":[{"name":"wp","href":"https:\/\/api.w.org\/{rel}","templated":true}]}}