{"id":2684,"date":"2024-02-06T14:53:18","date_gmt":"2024-02-06T14:53:18","guid":{"rendered":"https:\/\/a1techsmart.com\/?page_id=2684"},"modified":"2024-02-08T18:27:19","modified_gmt":"2024-02-08T18:27:19","slug":"systems-advanced-access-control","status":"publish","type":"page","link":"https:\/\/a1techsmart.com\/es\/systems-advanced-access-control\/","title":{"rendered":"CONTROL DE ACCESO AVANZADO"},"content":{"rendered":"<div class=\"wpb-content-wrapper\"><div data-vc-full-width=\"true\" data-vc-full-width-init=\"false\" data-vc-stretch-content=\"true\" class=\"vc_row wpb_row vc_row-fluid vc_custom_1707405634313 vc_row-has-fill\"><div class=\"wpb_column vc_column_container vc_col-sm-12\"><div class=\"vc_column-inner\"><div class=\"wpb_wrapper\"><div class=\"vc_row wpb_row vc_inner vc_row-fluid\"><div class=\"wpb_column vc_column_container vc_col-sm-6\"><div class=\"vc_column-inner\"><div class=\"wpb_wrapper\"><div class=\"vc_empty_space\"   style=\"height: 40px\"><span class=\"vc_empty_space_inner\"><\/span><\/div>\n\t<div class=\"wpb_text_column wpb_content_element\" >\n\t\t<div class=\"wpb_wrapper\">\n\t\t\t<h4 id=\"tw-target-text\" class=\"tw-data-text tw-text-large tw-ta\" dir=\"ltr\" data-placeholder=\"Traducci\u00f3n\" data-ved=\"2ahUKEwjys8iz_ZaEAxXOSDABHSEWDvwQ3ewLegQIBBAU\"><span class=\"Y2IQFc\" lang=\"en\"><span style=\"color: #17469e;\">A1 TECH SMART<\/span> ofrece soluciones avanzadas para el control de accesos en oficinas y edificios. Estos sistemas permiten una gesti\u00f3n exhaustiva de los movimientos de los usuarios, incluidos los empleados y el personal temporal.<\/span><\/h4>\n<h3 id=\"tw-target-text\" class=\"tw-data-text tw-text-large tw-ta\" dir=\"ltr\" style=\"text-align: center;\" data-placeholder=\"Traducci\u00f3n\" data-ved=\"2ahUKEwjys8iz_ZaEAxXOSDABHSEWDvwQ3ewLegQIBBAU\"><span class=\"Y2IQFc\" lang=\"en\" style=\"color: #17469e;\">Algunas caracter\u00edsticas clave son: <\/span><\/h3>\n<h4 class=\"tw-data-text tw-text-large tw-ta\" dir=\"ltr\" data-placeholder=\"Traducci\u00f3n\" data-ved=\"2ahUKEwjys8iz_ZaEAxXOSDABHSEWDvwQ3ewLegQIBBAU\"><span class=\"Y2IQFc\" lang=\"en\">Gesti\u00f3n Intuitiva y Global: La aplicaci\u00f3n A1 TECH SMART permite una administraci\u00f3n integral desde una \u00fanica plataforma. <\/span><\/h4>\n<h4 class=\"tw-data-text tw-text-large tw-ta\" dir=\"ltr\" data-placeholder=\"Traducci\u00f3n\" data-ved=\"2ahUKEwjys8iz_ZaEAxXOSDABHSEWDvwQ3ewLegQIBBAU\"><span class=\"Y2IQFc\" lang=\"en\"><strong><span style=\"color: #17469e;\">Acceso Peatonal a Oficinas:<\/span> <\/strong>Utilizar sistemas inteligentes para garantizar la seguridad perimetral exterior y embellecer los espacios.<\/span><\/h4>\n<h4 class=\"tw-data-text tw-text-large tw-ta\" dir=\"ltr\" data-placeholder=\"Traducci\u00f3n\" data-ved=\"2ahUKEwjys8iz_ZaEAxXOSDABHSEWDvwQ3ewLegQIBBAU\"><span class=\"Y2IQFc\" lang=\"en\"><span style=\"color: #17469e;\"><strong> Perimetro de seguridad:<\/strong><\/span> Controle las puertas de entrada exteriores con equipos resistentes a condiciones ambientales extremas.<\/span><\/h4>\n<h4 class=\"tw-data-text tw-text-large tw-ta\" dir=\"ltr\" data-placeholder=\"Traducci\u00f3n\" data-ved=\"2ahUKEwjys8iz_ZaEAxXOSDABHSEWDvwQ3ewLegQIBBAU\"><span class=\"Y2IQFc\" lang=\"en\"><span style=\"color: #17469e;\"><strong> Acceso por Torniquetes y Ascensores:<\/strong><\/span> Ofrece una amplia gama de lectores (huella, tarjeta o m\u00f3vil) para un control completo y est\u00e9tico en ascensores y torniquetes.<\/span><\/h4>\n<h4 class=\"tw-data-text tw-text-large tw-ta\" dir=\"ltr\" data-placeholder=\"Traducci\u00f3n\" data-ved=\"2ahUKEwjys8iz_ZaEAxXOSDABHSEWDvwQ3ewLegQIBBAU\"><span class=\"Y2IQFc\" lang=\"en\"><span style=\"color: #17469e;\"><strong> Control de acceso al estacionamiento:<\/strong><\/span> Gestione eficientemente el acceso de veh\u00edculos al edificio, con soluciones espec\u00edficas para un acceso r\u00e1pido y c\u00f3modo. <\/span><\/h4>\n<h4 class=\"tw-data-text tw-text-large tw-ta\" dir=\"ltr\" data-placeholder=\"Traducci\u00f3n\" data-ved=\"2ahUKEwjys8iz_ZaEAxXOSDABHSEWDvwQ3ewLegQIBBAU\"><span class=\"Y2IQFc\" lang=\"en\"><span style=\"color: #17469e;\"><strong>Acceso de veh\u00edculos:<\/strong><\/span> Configura tu parking con lectura remota de tarjetas UHF, videoportero para recepci\u00f3n de visitas, lectores de tarjetas de alta seguridad y reconocimiento autom\u00e1tico de matr\u00edculas.<\/span><\/h4>\n<h4 class=\"tw-data-text tw-text-large tw-ta\" dir=\"ltr\" data-placeholder=\"Traducci\u00f3n\" data-ved=\"2ahUKEwjys8iz_ZaEAxXOSDABHSEWDvwQ3ewLegQIBBAU\"><span class=\"Y2IQFc\" lang=\"en\"><span style=\"color: #17469e;\"><strong> Video intercom:<\/strong><\/span> Reciba a sus visitas con un sofisticado videoportero que le permite gestionar el acceso de empleados registrados y visitantes no acreditados.<\/span><\/h4>\n<h4 class=\"tw-data-text tw-text-large tw-ta\" dir=\"ltr\" data-placeholder=\"Traducci\u00f3n\" data-ved=\"2ahUKEwjys8iz_ZaEAxXOSDABHSEWDvwQ3ewLegQIBBAU\"><span class=\"Y2IQFc\" lang=\"en\"><span style=\"color: #17469e;\"><strong> Seguridad Integral:<\/strong><\/span> Incorporar una tecnolog\u00eda de control de acceso adecuada es esencial para proteger a las personas y los bienes. Bosch Security and Safety tambi\u00e9n ofrece soluciones avanzadas en este campo. <\/span><\/h4>\n<h4 class=\"tw-data-text tw-text-large tw-ta\" dir=\"ltr\" data-placeholder=\"Traducci\u00f3n\" data-ved=\"2ahUKEwjys8iz_ZaEAxXOSDABHSEWDvwQ3ewLegQIBBAU\"><span class=\"Y2IQFc\" lang=\"en\">En definitiva, estos sistemas avanzados de control de accesos aportan seguridad, eficiencia y est\u00e9tica tanto en oficinas como en hogares.<\/span><\/h4>\n\n\t\t<\/div>\n\t<\/div>\n<div class=\"vc_empty_space\"   style=\"height: 32px\"><span class=\"vc_empty_space_inner\"><\/span><\/div><\/div><\/div><\/div><div class=\"wpb_column vc_column_container vc_col-sm-6\"><div class=\"vc_column-inner\"><div class=\"wpb_wrapper\">\n\t<div  class=\"wpb_single_image wpb_content_element vc_align_center\">\n\t\t\n\t\t<figure class=\"wpb_wrapper vc_figure\">\n\t\t\t<div class=\"vc_single_image-wrapper vc_box_shadow  vc_box_border_grey\"><img loading=\"lazy\" decoding=\"async\" width=\"1000\" height=\"1500\" src=\"https:\/\/a1techsmart.com\/wp-content\/uploads\/2024\/01\/sistema-de-seguridad-de-huella-a1tech.jpg\" class=\"vc_single_image-img attachment-full\" alt=\"\" title=\"sistema de seguridad de huella a1tech\" srcset=\"https:\/\/a1techsmart.com\/wp-content\/uploads\/2024\/01\/sistema-de-seguridad-de-huella-a1tech.jpg 1000w, https:\/\/a1techsmart.com\/wp-content\/uploads\/2024\/01\/sistema-de-seguridad-de-huella-a1tech-200x300.jpg 200w, https:\/\/a1techsmart.com\/wp-content\/uploads\/2024\/01\/sistema-de-seguridad-de-huella-a1tech-683x1024.jpg 683w, https:\/\/a1techsmart.com\/wp-content\/uploads\/2024\/01\/sistema-de-seguridad-de-huella-a1tech-768x1152.jpg 768w\" sizes=\"auto, (max-width: 1000px) 100vw, 1000px\" \/><\/div>\n\t\t<\/figure>\n\t<\/div>\n<div class=\"vc_empty_space\"   style=\"height: 10px\"><span class=\"vc_empty_space_inner\"><\/span><\/div>\n\t<div  class=\"wpb_single_image wpb_content_element vc_align_left\">\n\t\t\n\t\t<figure class=\"wpb_wrapper vc_figure\">\n\t\t\t<div class=\"vc_single_image-wrapper   vc_box_border_grey\"><img loading=\"lazy\" decoding=\"async\" width=\"1772\" height=\"567\" src=\"https:\/\/a1techsmart.com\/wp-content\/uploads\/2024\/01\/Logo-A1-Tech-Smart_Mesa-de-trabajo-1-e1706538798203.png\" class=\"vc_single_image-img attachment-full\" alt=\"\" title=\"Logo A1 Tech Smart_Mesa de trabajo 1\" srcset=\"https:\/\/a1techsmart.com\/wp-content\/uploads\/2024\/01\/Logo-A1-Tech-Smart_Mesa-de-trabajo-1-e1706538798203.png 1772w, https:\/\/a1techsmart.com\/wp-content\/uploads\/2024\/01\/Logo-A1-Tech-Smart_Mesa-de-trabajo-1-e1706538798203-300x96.png 300w, https:\/\/a1techsmart.com\/wp-content\/uploads\/2024\/01\/Logo-A1-Tech-Smart_Mesa-de-trabajo-1-e1706538798203-1024x328.png 1024w, https:\/\/a1techsmart.com\/wp-content\/uploads\/2024\/01\/Logo-A1-Tech-Smart_Mesa-de-trabajo-1-e1706538798203-768x246.png 768w, https:\/\/a1techsmart.com\/wp-content\/uploads\/2024\/01\/Logo-A1-Tech-Smart_Mesa-de-trabajo-1-e1706538798203-1536x491.png 1536w\" sizes=\"auto, (max-width: 1772px) 100vw, 1772px\" \/><\/div>\n\t\t<\/figure>\n\t<\/div>\n<\/div><\/div><\/div><\/div><\/div><\/div><\/div><\/div><div class=\"vc_row-full-width vc_clearfix\"><\/div><div data-vc-full-width=\"true\" data-vc-full-width-init=\"false\" data-vc-stretch-content=\"true\" class=\"vc_row wpb_row vc_row-fluid vc_custom_1707228667089 vc_row-has-fill vc_row-no-padding\"><div class=\"wpb_column vc_column_container vc_col-sm-8\"><div class=\"vc_column-inner\"><div class=\"wpb_wrapper\">\n\t<div class=\"wpb_text_column wpb_content_element\" >\n\t\t<div class=\"wpb_wrapper\">\n\t\t\t<h2 style=\"text-align: center;\"><span style=\"color: #ffffff;\">\u00a1Si tiene alguna pregunta, por favor cont\u00e1ctenos!<\/span><\/h2>\n\n\t\t<\/div>\n\t<\/div>\n<\/div><\/div><\/div><div class=\"wpb_column vc_column_container vc_col-sm-4\"><div class=\"vc_column-inner\"><div class=\"wpb_wrapper\"><div class=\"vc_empty_space\"   style=\"height: 32px\"><span class=\"vc_empty_space_inner\"><\/span><\/div><div class=\"sober-button-wrapper text-center\"><a href=\"https:\/\/a1techsmart.com\/es\/contact-us\/\" title=\"Contactanos\" class=\"sober-button button-type-normal button-color-dark align-center   button normal button-normal\">Contactanos<\/a><\/div><div class=\"vc_empty_space\"   style=\"height: 32px\"><span class=\"vc_empty_space_inner\"><\/span><\/div><\/div><\/div><\/div><\/div><div class=\"vc_row-full-width vc_clearfix\"><\/div>\n<\/div>","protected":false},"excerpt":{"rendered":"A1 TECH SMART offers advanced solutions for access control in offices and buildings. These systems&hellip;","protected":false},"author":1,"featured_media":0,"parent":0,"menu_order":0,"comment_status":"closed","ping_status":"closed","template":"","meta":{"footnotes":""},"class_list":["post-2684","page","type-page","status-publish","hentry"],"_links":{"self":[{"href":"https:\/\/a1techsmart.com\/es\/wp-json\/wp\/v2\/pages\/2684","targetHints":{"allow":["GET"]}}],"collection":[{"href":"https:\/\/a1techsmart.com\/es\/wp-json\/wp\/v2\/pages"}],"about":[{"href":"https:\/\/a1techsmart.com\/es\/wp-json\/wp\/v2\/types\/page"}],"author":[{"embeddable":true,"href":"https:\/\/a1techsmart.com\/es\/wp-json\/wp\/v2\/users\/1"}],"replies":[{"embeddable":true,"href":"https:\/\/a1techsmart.com\/es\/wp-json\/wp\/v2\/comments?post=2684"}],"version-history":[{"count":8,"href":"https:\/\/a1techsmart.com\/es\/wp-json\/wp\/v2\/pages\/2684\/revisions"}],"predecessor-version":[{"id":2840,"href":"https:\/\/a1techsmart.com\/es\/wp-json\/wp\/v2\/pages\/2684\/revisions\/2840"}],"wp:attachment":[{"href":"https:\/\/a1techsmart.com\/es\/wp-json\/wp\/v2\/media?parent=2684"}],"curies":[{"name":"wp","href":"https:\/\/api.w.org\/{rel}","templated":true}]}}