{"id":2691,"date":"2024-02-06T16:11:02","date_gmt":"2024-02-06T16:11:02","guid":{"rendered":"https:\/\/a1techsmart.com\/?page_id=2691"},"modified":"2024-02-08T18:24:42","modified_gmt":"2024-02-08T18:24:42","slug":"smart-home","status":"publish","type":"page","link":"https:\/\/a1techsmart.com\/es\/smart-home\/","title":{"rendered":"CASA SEGURA"},"content":{"rendered":"<div class=\"wpb-content-wrapper\"><div data-vc-full-width=\"true\" data-vc-full-width-init=\"false\" data-vc-stretch-content=\"true\" class=\"vc_row wpb_row vc_row-fluid vc_custom_1707405461201 vc_row-has-fill\"><div class=\"wpb_column vc_column_container vc_col-sm-12\"><div class=\"vc_column-inner\"><div class=\"wpb_wrapper\"><div class=\"vc_row wpb_row vc_inner vc_row-fluid\"><div class=\"wpb_column vc_column_container vc_col-sm-6\"><div class=\"vc_column-inner\"><div class=\"wpb_wrapper\"><div class=\"vc_empty_space\"   style=\"height: 40px\"><span class=\"vc_empty_space_inner\"><\/span><\/div>\n\t<div class=\"wpb_text_column wpb_content_element\" >\n\t\t<div class=\"wpb_wrapper\">\n\t\t\t<h4 id=\"tw-target-text\" class=\"tw-data-text tw-text-large tw-ta\" dir=\"ltr\" data-placeholder=\"Traducci\u00f3n\" data-ved=\"2ahUKEwjnkKumjZeEAxXWRTABHarEA14Q3ewLegQIBRAU\"><span class=\"Y2IQFc\" lang=\"en\">Ofrecemos soluciones inteligentes para mejorar la eficiencia y el ahorro energ\u00e9tico en tu hogar. Con Smart Home podr\u00e1s controlar la iluminaci\u00f3n, el aire acondicionado y la calefacci\u00f3n. Adem\u00e1s, tendr\u00e1s acceso en tiempo real al consumo de tus electrodom\u00e9sticos a trav\u00e9s de un monitor. Estos son los servicios que puedes contratar con nosotros:<\/span><\/h4>\n<h4 id=\"tw-target-text\" class=\"tw-data-text tw-text-large tw-ta\" dir=\"ltr\" data-placeholder=\"Traducci\u00f3n\" data-ved=\"2ahUKEwjnkKumjZeEAxXWRTABHarEA14Q3ewLegQIBRAU\"><span class=\"Y2IQFc\" lang=\"en\"><strong><span style=\"color: #17469e;\">Iluminaci\u00f3n inteligente:<\/span><\/strong> Controle la intensidad de la iluminaci\u00f3n, programe los horarios de funcionamiento y seleccione los horarios de encendido\/apagado. Al comprarlo recibir\u00e1s un kit con tres bombillas Philips de diferentes colores y un hub para controlarlas de forma inal\u00e1mbrica. Termostato Inteligente: Enciende y apaga la calefacci\u00f3n desde cualquier lugar. Ideal para mantener tu hogar a la temperatura adecuada antes de tu llegada. El Termostato Inteligente Netatmo se puede colocar en la pared o conectar a la caldera de forma inal\u00e1mbrica. <\/span><\/h4>\n<h4 class=\"tw-data-text tw-text-large tw-ta\" dir=\"ltr\" data-placeholder=\"Traducci\u00f3n\" data-ved=\"2ahUKEwjnkKumjZeEAxXWRTABHarEA14Q3ewLegQIBRAU\"><span class=\"Y2IQFc\" lang=\"en\"><strong><span style=\"color: #17469e;\">Monitor de consumo inteligente:<\/span><\/strong> Visualiza el consumo de tus electrodom\u00e9sticos en tiempo real. Sepa cu\u00e1nta energ\u00eda utiliza y tome decisiones m\u00e1s eficientes. Control de Clima Inteligente: Ajusta la temperatura y el confort de tu hogar desde tu tel\u00e9fono m\u00f3vil.<\/span><\/h4>\n<h4 id=\"tw-target-text\" class=\"tw-data-text tw-text-large tw-ta\" dir=\"ltr\" data-placeholder=\"Traducci\u00f3n\" data-ved=\"2ahUKEwjnkKumjZeEAxXWRTABHarEA14Q3ewLegQIBRAU\"><span class=\"Y2IQFc\" lang=\"en\"><strong><span style=\"color: #17469e;\">Control clim\u00e1tico inteligente:<\/span><\/strong> Ajusta la temperatura y el confort de tu hogar desde tu tel\u00e9fono m\u00f3vil.<\/span><\/h4>\n\n\t\t<\/div>\n\t<\/div>\n<div class=\"vc_empty_space\"   style=\"height: 40px\"><span class=\"vc_empty_space_inner\"><\/span><\/div><\/div><\/div><\/div><div class=\"wpb_column vc_column_container vc_col-sm-6\"><div class=\"vc_column-inner\"><div class=\"wpb_wrapper\">\n\t<div  class=\"wpb_single_image wpb_content_element vc_align_center\">\n\t\t\n\t\t<figure class=\"wpb_wrapper vc_figure\">\n\t\t\t<div class=\"vc_single_image-wrapper vc_box_shadow  vc_box_border_grey\"><img loading=\"lazy\" decoding=\"async\" width=\"1500\" height=\"1000\" src=\"https:\/\/a1techsmart.com\/wp-content\/uploads\/2024\/02\/mujer-joven-tecnologia-casera.jpg\" class=\"vc_single_image-img attachment-full\" alt=\"\" title=\"mujer-joven-tecnologia-casera\" srcset=\"https:\/\/a1techsmart.com\/wp-content\/uploads\/2024\/02\/mujer-joven-tecnologia-casera.jpg 1500w, https:\/\/a1techsmart.com\/wp-content\/uploads\/2024\/02\/mujer-joven-tecnologia-casera-300x200.jpg 300w, https:\/\/a1techsmart.com\/wp-content\/uploads\/2024\/02\/mujer-joven-tecnologia-casera-1024x683.jpg 1024w, https:\/\/a1techsmart.com\/wp-content\/uploads\/2024\/02\/mujer-joven-tecnologia-casera-768x512.jpg 768w, https:\/\/a1techsmart.com\/wp-content\/uploads\/2024\/02\/mujer-joven-tecnologia-casera-360x240.jpg 360w\" sizes=\"auto, (max-width: 1500px) 100vw, 1500px\" \/><\/div>\n\t\t<\/figure>\n\t<\/div>\n<div class=\"vc_empty_space\"   style=\"height: 40px\"><span class=\"vc_empty_space_inner\"><\/span><\/div>\n\t<div  class=\"wpb_single_image wpb_content_element vc_align_left\">\n\t\t\n\t\t<figure class=\"wpb_wrapper vc_figure\">\n\t\t\t<div class=\"vc_single_image-wrapper   vc_box_border_grey\"><img loading=\"lazy\" decoding=\"async\" width=\"1772\" height=\"567\" src=\"https:\/\/a1techsmart.com\/wp-content\/uploads\/2024\/01\/Logo-A1-Tech-Smart_Mesa-de-trabajo-1-e1706538798203.png\" class=\"vc_single_image-img attachment-full\" alt=\"\" title=\"Logo A1 Tech Smart_Mesa de trabajo 1\" srcset=\"https:\/\/a1techsmart.com\/wp-content\/uploads\/2024\/01\/Logo-A1-Tech-Smart_Mesa-de-trabajo-1-e1706538798203.png 1772w, https:\/\/a1techsmart.com\/wp-content\/uploads\/2024\/01\/Logo-A1-Tech-Smart_Mesa-de-trabajo-1-e1706538798203-300x96.png 300w, https:\/\/a1techsmart.com\/wp-content\/uploads\/2024\/01\/Logo-A1-Tech-Smart_Mesa-de-trabajo-1-e1706538798203-1024x328.png 1024w, https:\/\/a1techsmart.com\/wp-content\/uploads\/2024\/01\/Logo-A1-Tech-Smart_Mesa-de-trabajo-1-e1706538798203-768x246.png 768w, https:\/\/a1techsmart.com\/wp-content\/uploads\/2024\/01\/Logo-A1-Tech-Smart_Mesa-de-trabajo-1-e1706538798203-1536x491.png 1536w\" sizes=\"auto, (max-width: 1772px) 100vw, 1772px\" \/><\/div>\n\t\t<\/figure>\n\t<\/div>\n<div class=\"vc_empty_space\"   style=\"height: 40px\"><span class=\"vc_empty_space_inner\"><\/span><\/div><\/div><\/div><\/div><\/div><\/div><\/div><\/div><\/div><div class=\"vc_row-full-width vc_clearfix\"><\/div><div data-vc-full-width=\"true\" data-vc-full-width-init=\"false\" data-vc-stretch-content=\"true\" class=\"vc_row wpb_row vc_row-fluid vc_custom_1707228667089 vc_row-has-fill vc_row-no-padding\"><div class=\"wpb_column vc_column_container vc_col-sm-8\"><div class=\"vc_column-inner\"><div class=\"wpb_wrapper\">\n\t<div class=\"wpb_text_column wpb_content_element\" >\n\t\t<div class=\"wpb_wrapper\">\n\t\t\t<h2 style=\"text-align: center;\"><span style=\"color: #ffffff;\">\u00a1Si tiene alguna pregunta, por favor cont\u00e1ctenos!<\/span><\/h2>\n\n\t\t<\/div>\n\t<\/div>\n<\/div><\/div><\/div><div class=\"wpb_column vc_column_container vc_col-sm-4\"><div class=\"vc_column-inner\"><div class=\"wpb_wrapper\"><div class=\"vc_empty_space\"   style=\"height: 32px\"><span class=\"vc_empty_space_inner\"><\/span><\/div><div class=\"sober-button-wrapper text-center\"><a href=\"https:\/\/a1techsmart.com\/es\/contact-us\/\" title=\"Contactanos\" class=\"sober-button button-type-normal button-color-dark align-center   button normal button-normal\">Contactanos<\/a><\/div><div class=\"vc_empty_space\"   style=\"height: 32px\"><span class=\"vc_empty_space_inner\"><\/span><\/div><\/div><\/div><\/div><\/div><div class=\"vc_row-full-width vc_clearfix\"><\/div>\n<\/div>","protected":false},"excerpt":{"rendered":"We offer smart solutions to improve efficiency and energy savings in your home. With Smart&hellip;","protected":false},"author":1,"featured_media":0,"parent":0,"menu_order":0,"comment_status":"closed","ping_status":"closed","template":"","meta":{"footnotes":""},"class_list":["post-2691","page","type-page","status-publish","hentry"],"_links":{"self":[{"href":"https:\/\/a1techsmart.com\/es\/wp-json\/wp\/v2\/pages\/2691","targetHints":{"allow":["GET"]}}],"collection":[{"href":"https:\/\/a1techsmart.com\/es\/wp-json\/wp\/v2\/pages"}],"about":[{"href":"https:\/\/a1techsmart.com\/es\/wp-json\/wp\/v2\/types\/page"}],"author":[{"embeddable":true,"href":"https:\/\/a1techsmart.com\/es\/wp-json\/wp\/v2\/users\/1"}],"replies":[{"embeddable":true,"href":"https:\/\/a1techsmart.com\/es\/wp-json\/wp\/v2\/comments?post=2691"}],"version-history":[{"count":9,"href":"https:\/\/a1techsmart.com\/es\/wp-json\/wp\/v2\/pages\/2691\/revisions"}],"predecessor-version":[{"id":2837,"href":"https:\/\/a1techsmart.com\/es\/wp-json\/wp\/v2\/pages\/2691\/revisions\/2837"}],"wp:attachment":[{"href":"https:\/\/a1techsmart.com\/es\/wp-json\/wp\/v2\/media?parent=2691"}],"curies":[{"name":"wp","href":"https:\/\/api.w.org\/{rel}","templated":true}]}}