{"id":2700,"date":"2024-02-07T18:37:39","date_gmt":"2024-02-07T18:37:39","guid":{"rendered":"https:\/\/a1techsmart.com\/?page_id=2700"},"modified":"2024-02-23T01:56:40","modified_gmt":"2024-02-23T01:56:40","slug":"optical-fiber","status":"publish","type":"page","link":"https:\/\/a1techsmart.com\/es\/optical-fiber\/","title":{"rendered":"FIBRA \u00d3PTICA"},"content":{"rendered":"<div class=\"wpb-content-wrapper\"><div class=\"vc_row wpb_row vc_row-fluid vc_custom_1707405384161 vc_row-has-fill\"><div class=\"wpb_column vc_column_container vc_col-sm-12\"><div class=\"vc_column-inner\"><div class=\"wpb_wrapper\">\n\t<div class=\"wpb_text_column wpb_content_element\" >\n\t\t<div class=\"wpb_wrapper\">\n\t\t\t<h4 id=\"tw-target-text\" class=\"tw-data-text tw-text-large tw-ta\" dir=\"ltr\" style=\"text-align: center;\" data-placeholder=\"Traducci\u00f3n\" data-ved=\"2ahUKEwjLqPGZ75mEAxVWTDABHXMFBeEQ3ewLegQIBRAU\"><span class=\"Y2IQFc\" lang=\"en\">Nuestro equipo de profesionales certificados maneja proyectos de telecomunicaciones, desde la planificaci\u00f3n hasta la implementaci\u00f3n.<\/span><\/h4>\n\n\t\t<\/div>\n\t<\/div>\n<div class=\"vc_row wpb_row vc_inner vc_row-fluid\"><div class=\"wpb_column vc_column_container vc_col-sm-6\"><div class=\"vc_column-inner\"><div class=\"wpb_wrapper\"><div class=\"vc_empty_space\"   style=\"height: 40px\"><span class=\"vc_empty_space_inner\"><\/span><\/div>\n\t<div class=\"wpb_text_column wpb_content_element\" >\n\t\t<div class=\"wpb_wrapper\">\n\t\t\t<h2 class=\"tw-data-text tw-text-large tw-ta\" dir=\"ltr\" style=\"text-align: center;\" data-placeholder=\"Traducci\u00f3n\" data-ved=\"2ahUKEwjLqPGZ75mEAxVWTDABHXMFBeEQ3ewLegQIBRAU\"><span class=\"Y2IQFc\" lang=\"en\" style=\"color: #17469e;\">Algunos de nuestros servicios incluyen: <\/span><\/h2>\n<h4 class=\"tw-data-text tw-text-large tw-ta\" dir=\"ltr\" data-placeholder=\"Traducci\u00f3n\" data-ved=\"2ahUKEwjLqPGZ75mEAxVWTDABHXMFBeEQ3ewLegQIBRAU\"><span class=\"Y2IQFc\" lang=\"en\"><strong><span style=\"color: #17469e;\">Cableado estructurado<\/span><\/strong> Dise\u00f1amos y construimos redes de voz y datos para oficinas, edificios y empresas. <\/span><\/h4>\n<h4 class=\"tw-data-text tw-text-large tw-ta\" dir=\"ltr\" data-placeholder=\"Traducci\u00f3n\" data-ved=\"2ahUKEwjLqPGZ75mEAxVWTDABHXMFBeEQ3ewLegQIBRAU\"><span class=\"Y2IQFc\" lang=\"en\"><strong><span style=\"color: #17469e;\">Fibra \u00f3ptica<\/span><\/strong> Realizamos tendido, conectorizaci\u00f3n y fusi\u00f3n de fibra \u00f3ptica multimodo y monomodo. <\/span><\/h4>\n<h4 class=\"tw-data-text tw-text-large tw-ta\" dir=\"ltr\" data-placeholder=\"Traducci\u00f3n\" data-ved=\"2ahUKEwjLqPGZ75mEAxVWTDABHXMFBeEQ3ewLegQIBRAU\"><span class=\"Y2IQFc\" lang=\"en\"><strong><span style=\"color: #17469e;\">Conexiones inal\u00e1mbricas:<\/span><\/strong> Proporcionamos infraestructura para permitir una amplia gama de servicios de comunicaci\u00f3n. Nuestro compromiso es brindar conectividad confiable y eficiente a nuestros clientes. Si necesita asesoramiento o est\u00e1 interesado en nuestros servicios, no dude en contactar con nosotros.<\/span><\/h4>\n\n\t\t<\/div>\n\t<\/div>\n<\/div><\/div><\/div><div class=\"wpb_column vc_column_container vc_col-sm-6\"><div class=\"vc_column-inner\"><div class=\"wpb_wrapper\"><div class=\"vc_empty_space\"   style=\"height: 32px\"><span class=\"vc_empty_space_inner\"><\/span><\/div>\n\t<div  class=\"wpb_single_image wpb_content_element vc_align_left\">\n\t\t\n\t\t<figure class=\"wpb_wrapper vc_figure\">\n\t\t\t<div class=\"vc_single_image-wrapper vc_box_shadow_3d  vc_box_border_grey\"><img loading=\"lazy\" decoding=\"async\" width=\"1500\" height=\"914\" src=\"https:\/\/a1techsmart.com\/wp-content\/uploads\/2024\/02\/hermoso-detalle-fibra-optica-1.jpg\" class=\"vc_single_image-img attachment-full\" alt=\"\" title=\"hermoso-detalle-fibra-optica (1)\" srcset=\"https:\/\/a1techsmart.com\/wp-content\/uploads\/2024\/02\/hermoso-detalle-fibra-optica-1.jpg 1500w, https:\/\/a1techsmart.com\/wp-content\/uploads\/2024\/02\/hermoso-detalle-fibra-optica-1-300x183.jpg 300w, https:\/\/a1techsmart.com\/wp-content\/uploads\/2024\/02\/hermoso-detalle-fibra-optica-1-1024x624.jpg 1024w, https:\/\/a1techsmart.com\/wp-content\/uploads\/2024\/02\/hermoso-detalle-fibra-optica-1-768x468.jpg 768w\" sizes=\"auto, (max-width: 1500px) 100vw, 1500px\" \/><\/div>\n\t\t<\/figure>\n\t<\/div>\n<div class=\"vc_empty_space\"   style=\"height: 32px\"><span class=\"vc_empty_space_inner\"><\/span><\/div>\n\t<div  class=\"wpb_single_image wpb_content_element vc_align_left\">\n\t\t\n\t\t<figure class=\"wpb_wrapper vc_figure\">\n\t\t\t<div class=\"vc_single_image-wrapper   vc_box_border_grey\"><img loading=\"lazy\" decoding=\"async\" width=\"1772\" height=\"567\" src=\"https:\/\/a1techsmart.com\/wp-content\/uploads\/2024\/01\/Logo-A1-Tech-Smart_Mesa-de-trabajo-1-e1706538798203.png\" class=\"vc_single_image-img attachment-full\" alt=\"\" title=\"Logo A1 Tech Smart_Mesa de trabajo 1\" srcset=\"https:\/\/a1techsmart.com\/wp-content\/uploads\/2024\/01\/Logo-A1-Tech-Smart_Mesa-de-trabajo-1-e1706538798203.png 1772w, https:\/\/a1techsmart.com\/wp-content\/uploads\/2024\/01\/Logo-A1-Tech-Smart_Mesa-de-trabajo-1-e1706538798203-300x96.png 300w, https:\/\/a1techsmart.com\/wp-content\/uploads\/2024\/01\/Logo-A1-Tech-Smart_Mesa-de-trabajo-1-e1706538798203-1024x328.png 1024w, https:\/\/a1techsmart.com\/wp-content\/uploads\/2024\/01\/Logo-A1-Tech-Smart_Mesa-de-trabajo-1-e1706538798203-768x246.png 768w, https:\/\/a1techsmart.com\/wp-content\/uploads\/2024\/01\/Logo-A1-Tech-Smart_Mesa-de-trabajo-1-e1706538798203-1536x491.png 1536w\" sizes=\"auto, (max-width: 1772px) 100vw, 1772px\" \/><\/div>\n\t\t<\/figure>\n\t<\/div>\n<div class=\"vc_empty_space\"   style=\"height: 32px\"><span class=\"vc_empty_space_inner\"><\/span><\/div><\/div><\/div><\/div><\/div><\/div><\/div><\/div><\/div><div data-vc-full-width=\"true\" data-vc-full-width-init=\"false\" data-vc-stretch-content=\"true\" class=\"vc_row wpb_row vc_row-fluid vc_custom_1707228667089 vc_row-has-fill vc_row-no-padding\"><div class=\"wpb_column vc_column_container vc_col-sm-8\"><div class=\"vc_column-inner\"><div class=\"wpb_wrapper\">\n\t<div class=\"wpb_text_column wpb_content_element\" >\n\t\t<div class=\"wpb_wrapper\">\n\t\t\t<h2 style=\"text-align: center;\"><span style=\"color: #ffffff;\">\u00a1Si tiene alguna pregunta, por favor cont\u00e1ctenos!<\/span><\/h2>\n\n\t\t<\/div>\n\t<\/div>\n<\/div><\/div><\/div><div class=\"wpb_column vc_column_container vc_col-sm-4\"><div class=\"vc_column-inner\"><div class=\"wpb_wrapper\"><div class=\"vc_empty_space\"   style=\"height: 32px\"><span class=\"vc_empty_space_inner\"><\/span><\/div><div class=\"sober-button-wrapper text-center\"><a href=\"https:\/\/a1techsmart.com\/es\/contact-us\/\" title=\"Contactanos\" class=\"sober-button button-type-normal button-color-dark align-center   button normal button-normal\">Contactanos<\/a><\/div><div class=\"vc_empty_space\"   style=\"height: 32px\"><span class=\"vc_empty_space_inner\"><\/span><\/div><\/div><\/div><\/div><\/div><div class=\"vc_row-full-width vc_clearfix\"><\/div>\n<\/div>","protected":false},"excerpt":{"rendered":"Our team of certified professionals handles telecommunications projects, from planning to implementation. Some of our&hellip;","protected":false},"author":1,"featured_media":0,"parent":0,"menu_order":0,"comment_status":"closed","ping_status":"closed","template":"","meta":{"footnotes":""},"class_list":["post-2700","page","type-page","status-publish","hentry"],"_links":{"self":[{"href":"https:\/\/a1techsmart.com\/es\/wp-json\/wp\/v2\/pages\/2700","targetHints":{"allow":["GET"]}}],"collection":[{"href":"https:\/\/a1techsmart.com\/es\/wp-json\/wp\/v2\/pages"}],"about":[{"href":"https:\/\/a1techsmart.com\/es\/wp-json\/wp\/v2\/types\/page"}],"author":[{"embeddable":true,"href":"https:\/\/a1techsmart.com\/es\/wp-json\/wp\/v2\/users\/1"}],"replies":[{"embeddable":true,"href":"https:\/\/a1techsmart.com\/es\/wp-json\/wp\/v2\/comments?post=2700"}],"version-history":[{"count":9,"href":"https:\/\/a1techsmart.com\/es\/wp-json\/wp\/v2\/pages\/2700\/revisions"}],"predecessor-version":[{"id":2911,"href":"https:\/\/a1techsmart.com\/es\/wp-json\/wp\/v2\/pages\/2700\/revisions\/2911"}],"wp:attachment":[{"href":"https:\/\/a1techsmart.com\/es\/wp-json\/wp\/v2\/media?parent=2700"}],"curies":[{"name":"wp","href":"https:\/\/api.w.org\/{rel}","templated":true}]}}