{"id":2706,"date":"2024-02-07T18:53:15","date_gmt":"2024-02-07T18:53:15","guid":{"rendered":"https:\/\/a1techsmart.com\/?page_id=2706"},"modified":"2024-02-08T18:25:46","modified_gmt":"2024-02-08T18:25:46","slug":"sound-system","status":"publish","type":"page","link":"https:\/\/a1techsmart.com\/es\/sound-system\/","title":{"rendered":"SISTEMAS DE SONIDO"},"content":{"rendered":"<div class=\"wpb-content-wrapper\"><div data-vc-full-width=\"true\" data-vc-full-width-init=\"false\" data-vc-stretch-content=\"true\" class=\"vc_row wpb_row vc_row-fluid vc_custom_1707405565337 vc_row-has-fill\"><div class=\"wpb_column vc_column_container vc_col-sm-12\"><div class=\"vc_column-inner\"><div class=\"wpb_wrapper\">\n\t<div class=\"wpb_text_column wpb_content_element\" >\n\t\t<div class=\"wpb_wrapper\">\n\t\t\t<h4 id=\"tw-target-text\" class=\"tw-data-text tw-text-large tw-ta\" dir=\"ltr\" style=\"text-align: center;\" data-placeholder=\"Traducci\u00f3n\" data-ved=\"2ahUKEwjTkeGY8pmEAxVSTDABHdgzA-MQ3ewLegQIBRAU\"><span class=\"Y2IQFc\" lang=\"en\">En A1 Tech Smart nos especializamos en la venta y distribuci\u00f3n de equipos de sonido. Nuestro ecosistema de tecnolog\u00eda digital ofrece una amplia gama de productos y marcas l\u00edderes en el mercado. \u00bfPor qu\u00e9 elegirnos?<\/span><\/h4>\n\n\t\t<\/div>\n\t<\/div>\n<div class=\"vc_row wpb_row vc_inner vc_row-fluid\"><div class=\"wpb_column vc_column_container vc_col-sm-6\"><div class=\"vc_column-inner\"><div class=\"wpb_wrapper\"><div class=\"vc_empty_space\"   style=\"height: 40px\"><span class=\"vc_empty_space_inner\"><\/span><\/div>\n\t<div class=\"wpb_text_column wpb_content_element\" >\n\t\t<div class=\"wpb_wrapper\">\n\t\t\t<h4 id=\"tw-target-text\" class=\"tw-data-text tw-text-large tw-ta\" dir=\"ltr\" data-placeholder=\"Traducci\u00f3n\" data-ved=\"2ahUKEwjTkeGY8pmEAxVSTDABHdgzA-MQ3ewLegQIBRAU\"><span class=\"Y2IQFc\" lang=\"en\"><strong><span style=\"color: #17469e;\">Asesoramiento especializado:<\/span><\/strong> Contamos con personal altamente capacitado que lo guiar\u00e1 en la adquisici\u00f3n del equipo de sonido m\u00e1s adecuado a las necesidades de su negocio. <\/span><\/h4>\n<h4 class=\"tw-data-text tw-text-large tw-ta\" dir=\"ltr\" data-placeholder=\"Traducci\u00f3n\" data-ved=\"2ahUKEwjTkeGY8pmEAxVSTDABHdgzA-MQ3ewLegQIBRAU\"><span class=\"Y2IQFc\" lang=\"en\"><span style=\"color: #17469e;\"><strong>Variedad de opciones:<\/strong> <\/span>Desde parlantes para m\u00fasica ambiental hasta sistemas de audio multizona, tenemos una amplia variedad de productos disponibles. <\/span><\/h4>\n<h4 class=\"tw-data-text tw-text-large tw-ta\" dir=\"ltr\" data-placeholder=\"Traducci\u00f3n\" data-ved=\"2ahUKEwjTkeGY8pmEAxVSTDABHdgzA-MQ3ewLegQIBRAU\"><span class=\"Y2IQFc\" lang=\"en\"><strong><span style=\"color: #17469e;\">Servicios de tecnolog\u00eda:<\/span><\/strong> No s\u00f3lo vendemos hardware, sino que tambi\u00e9n ofrecemos servicios tecnol\u00f3gicos como instalaci\u00f3n, montaje, arrendamiento y consultor\u00eda. <\/span><\/h4>\n<h4 class=\"tw-data-text tw-text-large tw-ta\" dir=\"ltr\" data-placeholder=\"Traducci\u00f3n\" data-ved=\"2ahUKEwjTkeGY8pmEAxVSTDABHdgzA-MQ3ewLegQIBRAU\"><span class=\"Y2IQFc\" lang=\"en\"><strong><span style=\"color: #17469e;\">Garant\u00eda extendida:<\/span><\/strong> Adem\u00e1s de las ventas, brindamos servicios de garant\u00eda extendida y soporte fuera de garant\u00eda. <\/span><\/h4>\n<h4 class=\"tw-data-text tw-text-large tw-ta\" dir=\"ltr\" data-placeholder=\"Traducci\u00f3n\" data-ved=\"2ahUKEwjTkeGY8pmEAxVSTDABHdgzA-MQ3ewLegQIBRAU\"><span class=\"Y2IQFc\" lang=\"en\"><span style=\"color: #17469e;\"><strong>Procesos eficientes:<\/strong><\/span> Hemos dise\u00f1ado procesos \u00e1giles para ofrecerte soluciones en tiempo r\u00e9cord. Aliado Estrat\u00e9gico: Al elegir A1 Tech Smart tendr\u00e1s un aliado tecnol\u00f3gico de clase mundial para tus proyectos empresariales.<\/span><\/h4>\n\n\t\t<\/div>\n\t<\/div>\n<\/div><\/div><\/div><div class=\"wpb_column vc_column_container vc_col-sm-6\"><div class=\"vc_column-inner\"><div class=\"wpb_wrapper\"><div class=\"vc_empty_space\"   style=\"height: 32px\"><span class=\"vc_empty_space_inner\"><\/span><\/div>\n\t<div  class=\"wpb_single_image wpb_content_element vc_align_center\">\n\t\t\n\t\t<figure class=\"wpb_wrapper vc_figure\">\n\t\t\t<div class=\"vc_single_image-wrapper vc_box_shadow  vc_box_border_grey\"><img loading=\"lazy\" decoding=\"async\" width=\"1500\" height=\"1000\" src=\"https:\/\/a1techsmart.com\/wp-content\/uploads\/2024\/02\/cerrar-panel-control-mezclador-musica-sonido-sobre-fondo-borroso.jpg\" class=\"vc_single_image-img attachment-full\" alt=\"\" title=\"cerrar-panel-control-mezclador-musica-sonido-sobre-fondo-borroso\" srcset=\"https:\/\/a1techsmart.com\/wp-content\/uploads\/2024\/02\/cerrar-panel-control-mezclador-musica-sonido-sobre-fondo-borroso.jpg 1500w, https:\/\/a1techsmart.com\/wp-content\/uploads\/2024\/02\/cerrar-panel-control-mezclador-musica-sonido-sobre-fondo-borroso-300x200.jpg 300w, https:\/\/a1techsmart.com\/wp-content\/uploads\/2024\/02\/cerrar-panel-control-mezclador-musica-sonido-sobre-fondo-borroso-1024x683.jpg 1024w, https:\/\/a1techsmart.com\/wp-content\/uploads\/2024\/02\/cerrar-panel-control-mezclador-musica-sonido-sobre-fondo-borroso-768x512.jpg 768w, https:\/\/a1techsmart.com\/wp-content\/uploads\/2024\/02\/cerrar-panel-control-mezclador-musica-sonido-sobre-fondo-borroso-360x240.jpg 360w\" sizes=\"auto, (max-width: 1500px) 100vw, 1500px\" \/><\/div>\n\t\t<\/figure>\n\t<\/div>\n<div class=\"vc_empty_space\"   style=\"height: 32px\"><span class=\"vc_empty_space_inner\"><\/span><\/div>\n\t<div  class=\"wpb_single_image wpb_content_element vc_align_left\">\n\t\t\n\t\t<figure class=\"wpb_wrapper vc_figure\">\n\t\t\t<div class=\"vc_single_image-wrapper   vc_box_border_grey\"><img loading=\"lazy\" decoding=\"async\" width=\"1772\" height=\"567\" src=\"https:\/\/a1techsmart.com\/wp-content\/uploads\/2024\/01\/Logo-A1-Tech-Smart_Mesa-de-trabajo-1-e1706538798203.png\" class=\"vc_single_image-img attachment-full\" alt=\"\" title=\"Logo A1 Tech Smart_Mesa de trabajo 1\" srcset=\"https:\/\/a1techsmart.com\/wp-content\/uploads\/2024\/01\/Logo-A1-Tech-Smart_Mesa-de-trabajo-1-e1706538798203.png 1772w, https:\/\/a1techsmart.com\/wp-content\/uploads\/2024\/01\/Logo-A1-Tech-Smart_Mesa-de-trabajo-1-e1706538798203-300x96.png 300w, https:\/\/a1techsmart.com\/wp-content\/uploads\/2024\/01\/Logo-A1-Tech-Smart_Mesa-de-trabajo-1-e1706538798203-1024x328.png 1024w, https:\/\/a1techsmart.com\/wp-content\/uploads\/2024\/01\/Logo-A1-Tech-Smart_Mesa-de-trabajo-1-e1706538798203-768x246.png 768w, https:\/\/a1techsmart.com\/wp-content\/uploads\/2024\/01\/Logo-A1-Tech-Smart_Mesa-de-trabajo-1-e1706538798203-1536x491.png 1536w\" sizes=\"auto, (max-width: 1772px) 100vw, 1772px\" \/><\/div>\n\t\t<\/figure>\n\t<\/div>\n<div class=\"vc_empty_space\"   style=\"height: 32px\"><span class=\"vc_empty_space_inner\"><\/span><\/div><\/div><\/div><\/div><\/div><\/div><\/div><\/div><\/div><div class=\"vc_row-full-width vc_clearfix\"><\/div><div data-vc-full-width=\"true\" data-vc-full-width-init=\"false\" data-vc-stretch-content=\"true\" class=\"vc_row wpb_row vc_row-fluid vc_custom_1707228667089 vc_row-has-fill vc_row-no-padding\"><div class=\"wpb_column vc_column_container vc_col-sm-8\"><div class=\"vc_column-inner\"><div class=\"wpb_wrapper\">\n\t<div class=\"wpb_text_column wpb_content_element\" >\n\t\t<div class=\"wpb_wrapper\">\n\t\t\t<h2 style=\"text-align: center;\"><span style=\"color: #ffffff;\">\u00a1Si tiene alguna pregunta, por favor cont\u00e1ctenos!<\/span><\/h2>\n\n\t\t<\/div>\n\t<\/div>\n<\/div><\/div><\/div><div class=\"wpb_column vc_column_container vc_col-sm-4\"><div class=\"vc_column-inner\"><div class=\"wpb_wrapper\"><div class=\"vc_empty_space\"   style=\"height: 32px\"><span class=\"vc_empty_space_inner\"><\/span><\/div><div class=\"sober-button-wrapper text-center\"><a href=\"https:\/\/a1techsmart.com\/es\/contact-us\/\" title=\"Contactanos\" class=\"sober-button button-type-normal button-color-dark align-center   button normal button-normal\">Contactanos<\/a><\/div><div class=\"vc_empty_space\"   style=\"height: 32px\"><span class=\"vc_empty_space_inner\"><\/span><\/div><\/div><\/div><\/div><\/div><div class=\"vc_row-full-width vc_clearfix\"><\/div>\n<\/div>","protected":false},"excerpt":{"rendered":"At A1 Tech Smart, we specialize in the sale and distribution of sound equipment. Our&hellip;","protected":false},"author":1,"featured_media":0,"parent":0,"menu_order":0,"comment_status":"closed","ping_status":"closed","template":"","meta":{"footnotes":""},"class_list":["post-2706","page","type-page","status-publish","hentry"],"_links":{"self":[{"href":"https:\/\/a1techsmart.com\/es\/wp-json\/wp\/v2\/pages\/2706","targetHints":{"allow":["GET"]}}],"collection":[{"href":"https:\/\/a1techsmart.com\/es\/wp-json\/wp\/v2\/pages"}],"about":[{"href":"https:\/\/a1techsmart.com\/es\/wp-json\/wp\/v2\/types\/page"}],"author":[{"embeddable":true,"href":"https:\/\/a1techsmart.com\/es\/wp-json\/wp\/v2\/users\/1"}],"replies":[{"embeddable":true,"href":"https:\/\/a1techsmart.com\/es\/wp-json\/wp\/v2\/comments?post=2706"}],"version-history":[{"count":6,"href":"https:\/\/a1techsmart.com\/es\/wp-json\/wp\/v2\/pages\/2706\/revisions"}],"predecessor-version":[{"id":2838,"href":"https:\/\/a1techsmart.com\/es\/wp-json\/wp\/v2\/pages\/2706\/revisions\/2838"}],"wp:attachment":[{"href":"https:\/\/a1techsmart.com\/es\/wp-json\/wp\/v2\/media?parent=2706"}],"curies":[{"name":"wp","href":"https:\/\/api.w.org\/{rel}","templated":true}]}}