{"id":2711,"date":"2024-02-07T19:15:34","date_gmt":"2024-02-07T19:15:34","guid":{"rendered":"https:\/\/a1techsmart.com\/?page_id=2711"},"modified":"2024-05-13T17:18:27","modified_gmt":"2024-05-13T17:18:27","slug":"web-design","status":"publish","type":"page","link":"https:\/\/a1techsmart.com\/es\/web-design\/","title":{"rendered":"DISE\u00d1O WEB"},"content":{"rendered":"<div class=\"wpb-content-wrapper\"><div data-vc-full-width=\"true\" data-vc-full-width-init=\"false\" data-vc-stretch-content=\"true\" class=\"vc_row wpb_row vc_row-fluid vc_custom_1707405765176 vc_row-has-fill\"><div class=\"wpb_column vc_column_container vc_col-sm-12\"><div class=\"vc_column-inner\"><div class=\"wpb_wrapper\">\n\t<div class=\"wpb_text_column wpb_content_element\" >\n\t\t<div class=\"wpb_wrapper\">\n\t\t\t<h2 id=\"tw-target-text\" class=\"tw-data-text tw-text-large tw-ta\" dir=\"ltr\" style=\"text-align: center;\" data-placeholder=\"Traducci\u00f3n\" data-ved=\"2ahUKEwjTkeGY8pmEAxVSTDABHdgzA-MQ3ewLegQIBRAU\"><span class=\"Y2IQFc\" lang=\"en\" style=\"color: #17469e;\">Dise\u00f1o web profesional a tu alcance con A1 Tech Smart <\/span><\/h2>\n\n\t\t<\/div>\n\t<\/div>\n<div class=\"vc_row wpb_row vc_inner vc_row-fluid\"><div class=\"wpb_column vc_column_container vc_col-sm-6\"><div class=\"vc_column-inner\"><div class=\"wpb_wrapper\"><div class=\"vc_empty_space\"   style=\"height: 40px\"><span class=\"vc_empty_space_inner\"><\/span><\/div>\n\t<div class=\"wpb_text_column wpb_content_element\" >\n\t\t<div class=\"wpb_wrapper\">\n\t\t\t<h4 id=\"tw-target-text\" class=\"tw-data-text tw-text-large tw-ta\" dir=\"ltr\" data-placeholder=\"Traducci\u00f3n\" data-ved=\"2ahUKEwjTkeGY8pmEAxVSTDABHdgzA-MQ3ewLegQIBRAU\"><span class=\"Y2IQFc\" lang=\"en\">\u00bfNecesitas un sitio web personalizado para tu negocio o proyecto? A1 Tech Smart es tu aliado ideal. Somos una agencia de dise\u00f1o web comprometida con la creaci\u00f3n de sitios web personalizados que reflejen la esencia de su marca. <\/span><\/h4>\n<h2 class=\"tw-data-text tw-text-large tw-ta\" dir=\"ltr\" style=\"text-align: center;\" data-placeholder=\"Traducci\u00f3n\" data-ved=\"2ahUKEwjTkeGY8pmEAxVSTDABHdgzA-MQ3ewLegQIBRAU\"><span class=\"Y2IQFc\" lang=\"en\" style=\"color: #17469e;\">Nuestros servicios: <\/span><\/h2>\n<h4 class=\"tw-data-text tw-text-large tw-ta\" dir=\"ltr\" data-placeholder=\"Traducci\u00f3n\" data-ved=\"2ahUKEwjTkeGY8pmEAxVSTDABHdgzA-MQ3ewLegQIBRAU\"><span class=\"Y2IQFc\" lang=\"en\"><strong><span style=\"color: #17469e;\">Dise\u00f1o web personalizado:<\/span><\/strong> Creamos p\u00e1ginas web \u00fanicas y funcionales que se adaptan a tus necesidades espec\u00edficas. Desde sitios informativos hasta tiendas en l\u00ednea, nuestro equipo de dise\u00f1adores es responsable de hacer realidad su visi\u00f3n. <\/span><\/h4>\n<h4 class=\"tw-data-text tw-text-large tw-ta\" dir=\"ltr\" data-placeholder=\"Traducci\u00f3n\" data-ved=\"2ahUKEwjTkeGY8pmEAxVSTDABHdgzA-MQ3ewLegQIBRAU\"><span class=\"Y2IQFc\" lang=\"en\"><strong><span style=\"color: #17469e;\">WordPress Development:<\/span><\/strong> Utilizamos la versatilidad de WordPress para crear sitios s\u00f3lidos y f\u00e1ciles de administrar. Desde blogs hasta portales corporativos, te ofrecemos soluciones escalables. <\/span><\/h4>\n<h4 class=\"tw-data-text tw-text-large tw-ta\" dir=\"ltr\" data-placeholder=\"Traducci\u00f3n\" data-ved=\"2ahUKEwjTkeGY8pmEAxVSTDABHdgzA-MQ3ewLegQIBRAU\"><span class=\"Y2IQFc\" lang=\"en\"><strong><span style=\"color: #17469e;\">Posicionamiento SEO:<\/span><\/strong> No basta con tener un sitio web; Es crucial que sea visible. Optimizamos tu p\u00e1gina para los motores de b\u00fasqueda, aumentando su visibilidad y atrayendo m\u00e1s visitantes.<\/span><\/h4>\n<h4 class=\"tw-data-text tw-text-large tw-ta\" dir=\"ltr\" data-placeholder=\"Traducci\u00f3n\" data-ved=\"2ahUKEwjTkeGY8pmEAxVSTDABHdgzA-MQ3ewLegQIBRAU\"><span class=\"Y2IQFc\" lang=\"en\"><strong><span style=\"color: #17469e;\">Dise\u00f1o editorial:<\/span><\/strong> Si buscas un dise\u00f1o elegante y profesional para tus publicaciones digitales, estamos aqu\u00ed para ayudarte. Desde libros electr\u00f3nicos hasta revistas online, cuidamos cada detalle.<\/span><\/h4>\n<h4 class=\"tw-data-text tw-text-large tw-ta\" dir=\"ltr\" data-placeholder=\"Traducci\u00f3n\" data-ved=\"2ahUKEwjTkeGY8pmEAxVSTDABHdgzA-MQ3ewLegQIBRAU\"><span class=\"Y2IQFc\" lang=\"en\"><span style=\"color: #17469e;\"><strong>Identidad de la marca:<\/strong><\/span> Su sitio web es una extensi\u00f3n de su marca. Nos aseguramos de que el dise\u00f1o, colores y tipograf\u00eda reflejen tu identidad de manera consistente. \u00bfPor qu\u00e9 elegirnos?<\/span><\/h4>\n<h4 class=\"tw-data-text tw-text-large tw-ta\" dir=\"ltr\" data-placeholder=\"Traducci\u00f3n\" data-ved=\"2ahUKEwjTkeGY8pmEAxVSTDABHdgzA-MQ3ewLegQIBRAU\"><span class=\"Y2IQFc\" lang=\"en\"><strong><span style=\"color: #17469e;\">Experiencia y Creatividad:<\/span><\/strong> Nuestro equipo combina a\u00f1os de experiencia con una mente creativa. Cada proyecto es \u00fanico y dise\u00f1ado con pasi\u00f3n. <\/span><\/h4>\n<h4 class=\"tw-data-text tw-text-large tw-ta\" dir=\"ltr\" data-placeholder=\"Traducci\u00f3n\" data-ved=\"2ahUKEwjTkeGY8pmEAxVSTDABHdgzA-MQ3ewLegQIBRAU\"><span class=\"Y2IQFc\" lang=\"en\"><strong><span style=\"color: #17469e;\">Atenci\u00f3n personalizada:<\/span><\/strong> Escuchamos tus ideas y objetivos para crear un sitio web que realmente te represente.<\/span><\/h4>\n<h4 class=\"tw-data-text tw-text-large tw-ta\" dir=\"ltr\" data-placeholder=\"Traducci\u00f3n\" data-ved=\"2ahUKEwjTkeGY8pmEAxVSTDABHdgzA-MQ3ewLegQIBRAU\"><span class=\"Y2IQFc\" lang=\"en\"><strong><span style=\"color: #17469e;\">Resultados mensurables:<\/span><\/strong> No s\u00f3lo creamos sitios web, sino que tambi\u00e9n te ayudamos a medir su impacto. Analizamos tr\u00e1fico, conversiones y m\u00e1s. <\/span><\/h4>\n<h4 class=\"tw-data-text tw-text-large tw-ta\" dir=\"ltr\" data-placeholder=\"Traducci\u00f3n\" data-ved=\"2ahUKEwjTkeGY8pmEAxVSTDABHdgzA-MQ3ewLegQIBRAU\"><span class=\"Y2IQFc\" lang=\"en\">Cont\u00e1ctenos hoy y lleve su presencia en l\u00ednea al siguiente nivel con A1 Tech Smart.<\/span><\/h4>\n\n\t\t<\/div>\n\t<\/div>\n<\/div><\/div><\/div><div class=\"wpb_column vc_column_container vc_col-sm-6\"><div class=\"vc_column-inner\"><div class=\"wpb_wrapper\"><div class=\"vc_empty_space\"   style=\"height: 32px\"><span class=\"vc_empty_space_inner\"><\/span><\/div>\n\t<div  class=\"wpb_single_image wpb_content_element vc_align_center\">\n\t\t\n\t\t<figure class=\"wpb_wrapper vc_figure\">\n\t\t\t<div class=\"vc_single_image-wrapper vc_box_shadow  vc_box_border_grey\"><img loading=\"lazy\" decoding=\"async\" width=\"1000\" height=\"1500\" src=\"https:\/\/a1techsmart.com\/wp-content\/uploads\/2024\/02\/Paginas-web-a1.jpg\" class=\"vc_single_image-img attachment-full\" alt=\"\" title=\"Paginas web a1\" srcset=\"https:\/\/a1techsmart.com\/wp-content\/uploads\/2024\/02\/Paginas-web-a1.jpg 1000w, https:\/\/a1techsmart.com\/wp-content\/uploads\/2024\/02\/Paginas-web-a1-200x300.jpg 200w, https:\/\/a1techsmart.com\/wp-content\/uploads\/2024\/02\/Paginas-web-a1-683x1024.jpg 683w, https:\/\/a1techsmart.com\/wp-content\/uploads\/2024\/02\/Paginas-web-a1-768x1152.jpg 768w\" sizes=\"auto, (max-width: 1000px) 100vw, 1000px\" \/><\/div>\n\t\t<\/figure>\n\t<\/div>\n<div class=\"vc_empty_space\"   style=\"height: 32px\"><span class=\"vc_empty_space_inner\"><\/span><\/div>\n\t<div  class=\"wpb_single_image wpb_content_element vc_align_left\">\n\t\t\n\t\t<figure class=\"wpb_wrapper vc_figure\">\n\t\t\t<div class=\"vc_single_image-wrapper   vc_box_border_grey\"><img loading=\"lazy\" decoding=\"async\" width=\"1772\" height=\"567\" src=\"https:\/\/a1techsmart.com\/wp-content\/uploads\/2024\/01\/Logo-A1-Tech-Smart_Mesa-de-trabajo-1-e1706538798203.png\" class=\"vc_single_image-img attachment-full\" alt=\"\" title=\"Logo A1 Tech Smart_Mesa de trabajo 1\" srcset=\"https:\/\/a1techsmart.com\/wp-content\/uploads\/2024\/01\/Logo-A1-Tech-Smart_Mesa-de-trabajo-1-e1706538798203.png 1772w, https:\/\/a1techsmart.com\/wp-content\/uploads\/2024\/01\/Logo-A1-Tech-Smart_Mesa-de-trabajo-1-e1706538798203-300x96.png 300w, https:\/\/a1techsmart.com\/wp-content\/uploads\/2024\/01\/Logo-A1-Tech-Smart_Mesa-de-trabajo-1-e1706538798203-1024x328.png 1024w, https:\/\/a1techsmart.com\/wp-content\/uploads\/2024\/01\/Logo-A1-Tech-Smart_Mesa-de-trabajo-1-e1706538798203-768x246.png 768w, https:\/\/a1techsmart.com\/wp-content\/uploads\/2024\/01\/Logo-A1-Tech-Smart_Mesa-de-trabajo-1-e1706538798203-1536x491.png 1536w\" sizes=\"auto, (max-width: 1772px) 100vw, 1772px\" \/><\/div>\n\t\t<\/figure>\n\t<\/div>\n<div class=\"vc_empty_space\"   style=\"height: 32px\"><span class=\"vc_empty_space_inner\"><\/span><\/div><\/div><\/div><\/div><\/div><\/div><\/div><\/div><\/div><div class=\"vc_row-full-width vc_clearfix\"><\/div><div data-vc-full-width=\"true\" data-vc-full-width-init=\"false\" data-vc-stretch-content=\"true\" class=\"vc_row wpb_row vc_row-fluid vc_custom_1707333851177 vc_row-has-fill vc_row-no-padding\"><div class=\"wpb_column vc_column_container vc_col-sm-12\"><div class=\"vc_column-inner\"><div class=\"wpb_wrapper\">\n\t<div class=\"wpb_text_column wpb_content_element\" >\n\t\t<div class=\"wpb_wrapper\">\n\t\t\t<h1 id=\"tw-target-text\" class=\"tw-data-text tw-text-large tw-ta\" dir=\"ltr\" style=\"text-align: center;\" data-placeholder=\"Traducci\u00f3n\" data-ved=\"2ahUKEwjTkeGY8pmEAxVSTDABHdgzA-MQ3ewLegQIBRAU\"><span class=\"Y2IQFc\" lang=\"en\" style=\"color: #17469e;\">Portfolio<\/span><\/h1>\n\n\t\t<\/div>\n\t<\/div>\n<div class=\"vc_empty_space\"   style=\"height: 32px\"><span class=\"vc_empty_space_inner\"><\/span><\/div><div class=\"vc_row wpb_row vc_inner vc_row-fluid\"><div class=\"wpb_column vc_column_container vc_col-sm-3\"><div class=\"vc_column-inner\"><div class=\"wpb_wrapper\">\n\t<div  class=\"wpb_single_image wpb_content_element vc_align_center  vc_custom_1708614785675\">\n\t\t\n\t\t<figure class=\"wpb_wrapper vc_figure\">\n\t\t\t<a href=\"http:\/\/persianasluxury.com\" target=\"_blank\" class=\"vc_single_image-wrapper vc_box_shadow_3d  vc_box_border_grey\" rel=\"noopener\"><img loading=\"lazy\" decoding=\"async\" width=\"561\" height=\"1024\" src=\"https:\/\/a1techsmart.com\/wp-content\/uploads\/2024\/02\/1.jpg\" class=\"vc_single_image-img attachment-full\" alt=\"\" title=\"1\" srcset=\"https:\/\/a1techsmart.com\/wp-content\/uploads\/2024\/02\/1.jpg 561w, https:\/\/a1techsmart.com\/wp-content\/uploads\/2024\/02\/1-164x300.jpg 164w\" sizes=\"auto, (max-width: 561px) 100vw, 561px\" \/><\/a>\n\t\t<\/figure>\n\t<\/div>\n<\/div><\/div><\/div><div class=\"wpb_column vc_column_container vc_col-sm-3\"><div class=\"vc_column-inner\"><div class=\"wpb_wrapper\">\n\t<div  class=\"wpb_single_image wpb_content_element vc_align_center  vc_custom_1708614823160\">\n\t\t\n\t\t<figure class=\"wpb_wrapper vc_figure\">\n\t\t\t<a href=\"http:\/\/just2air.com\" target=\"_blank\" class=\"vc_single_image-wrapper vc_box_shadow_3d  vc_box_border_grey\" rel=\"noopener\"><img loading=\"lazy\" decoding=\"async\" width=\"561\" height=\"1024\" src=\"https:\/\/a1techsmart.com\/wp-content\/uploads\/2024\/02\/4.jpg\" class=\"vc_single_image-img attachment-full\" alt=\"\" title=\"4\" srcset=\"https:\/\/a1techsmart.com\/wp-content\/uploads\/2024\/02\/4.jpg 561w, https:\/\/a1techsmart.com\/wp-content\/uploads\/2024\/02\/4-164x300.jpg 164w\" sizes=\"auto, (max-width: 561px) 100vw, 561px\" \/><\/a>\n\t\t<\/figure>\n\t<\/div>\n<\/div><\/div><\/div><div class=\"wpb_column vc_column_container vc_col-sm-3\"><div class=\"vc_column-inner\"><div class=\"wpb_wrapper\">\n\t<div  class=\"wpb_single_image wpb_content_element vc_align_center  vc_custom_1708614852442\">\n\t\t\n\t\t<figure class=\"wpb_wrapper vc_figure\">\n\t\t\t<a href=\"http:\/\/flexflota.com\" target=\"_blank\" class=\"vc_single_image-wrapper vc_box_shadow_3d  vc_box_border_grey\" rel=\"noopener\"><img loading=\"lazy\" decoding=\"async\" width=\"561\" height=\"1024\" src=\"https:\/\/a1techsmart.com\/wp-content\/uploads\/2024\/02\/3.jpg\" class=\"vc_single_image-img attachment-full\" alt=\"\" title=\"3\" srcset=\"https:\/\/a1techsmart.com\/wp-content\/uploads\/2024\/02\/3.jpg 561w, https:\/\/a1techsmart.com\/wp-content\/uploads\/2024\/02\/3-164x300.jpg 164w\" sizes=\"auto, (max-width: 561px) 100vw, 561px\" \/><\/a>\n\t\t<\/figure>\n\t<\/div>\n<\/div><\/div><\/div><div class=\"wpb_column vc_column_container vc_col-sm-3\"><div class=\"vc_column-inner\"><div class=\"wpb_wrapper\">\n\t<div  class=\"wpb_single_image wpb_content_element vc_align_center  vc_custom_1708614862790\">\n\t\t\n\t\t<figure class=\"wpb_wrapper vc_figure\">\n\t\t\t<a href=\"http:\/\/productosbixa.com\" target=\"_self\" class=\"vc_single_image-wrapper vc_box_shadow_3d  vc_box_border_grey\" rel=\"noopener\"><img loading=\"lazy\" decoding=\"async\" width=\"561\" height=\"1024\" src=\"https:\/\/a1techsmart.com\/wp-content\/uploads\/2024\/02\/2.jpg\" class=\"vc_single_image-img attachment-full\" alt=\"\" title=\"2\" srcset=\"https:\/\/a1techsmart.com\/wp-content\/uploads\/2024\/02\/2.jpg 561w, https:\/\/a1techsmart.com\/wp-content\/uploads\/2024\/02\/2-164x300.jpg 164w\" sizes=\"auto, (max-width: 561px) 100vw, 561px\" \/><\/a>\n\t\t<\/figure>\n\t<\/div>\n<\/div><\/div><\/div><\/div><div class=\"vc_row wpb_row vc_inner vc_row-fluid\"><div class=\"wpb_column vc_column_container vc_col-sm-3\"><div class=\"vc_column-inner\"><div class=\"wpb_wrapper\">\n\t<div  class=\"wpb_single_image wpb_content_element vc_align_center  vc_custom_1708615159628\">\n\t\t\n\t\t<figure class=\"wpb_wrapper vc_figure\">\n\t\t\t<a href=\"https:\/\/fastkleanusa.com\" target=\"_blank\" class=\"vc_single_image-wrapper vc_box_shadow_3d  vc_box_border_grey\" rel=\"noopener\"><img loading=\"lazy\" decoding=\"async\" width=\"561\" height=\"1024\" src=\"https:\/\/a1techsmart.com\/wp-content\/uploads\/2024\/02\/6.jpg\" class=\"vc_single_image-img attachment-full\" alt=\"\" title=\"6\" srcset=\"https:\/\/a1techsmart.com\/wp-content\/uploads\/2024\/02\/6.jpg 561w, https:\/\/a1techsmart.com\/wp-content\/uploads\/2024\/02\/6-164x300.jpg 164w\" sizes=\"auto, (max-width: 561px) 100vw, 561px\" \/><\/a>\n\t\t<\/figure>\n\t<\/div>\n<\/div><\/div><\/div><div class=\"wpb_column vc_column_container vc_col-sm-3\"><div class=\"vc_column-inner\"><div class=\"wpb_wrapper\">\n\t<div  class=\"wpb_single_image wpb_content_element vc_align_center  vc_custom_1708615168310\">\n\t\t\n\t\t<figure class=\"wpb_wrapper vc_figure\">\n\t\t\t<a href=\"https:\/\/vipvsvaletparking.com\/\" target=\"_blank\" class=\"vc_single_image-wrapper vc_box_shadow_3d  vc_box_border_grey\" rel=\"noopener\"><img loading=\"lazy\" decoding=\"async\" width=\"561\" height=\"1024\" src=\"https:\/\/a1techsmart.com\/wp-content\/uploads\/2024\/02\/5.jpg\" class=\"vc_single_image-img attachment-full\" alt=\"\" title=\"5\" srcset=\"https:\/\/a1techsmart.com\/wp-content\/uploads\/2024\/02\/5.jpg 561w, https:\/\/a1techsmart.com\/wp-content\/uploads\/2024\/02\/5-164x300.jpg 164w\" sizes=\"auto, (max-width: 561px) 100vw, 561px\" \/><\/a>\n\t\t<\/figure>\n\t<\/div>\n<\/div><\/div><\/div><div class=\"wpb_column vc_column_container vc_col-sm-3\"><div class=\"vc_column-inner\"><div class=\"wpb_wrapper\">\n\t<div  class=\"wpb_single_image wpb_content_element vc_align_center  vc_custom_1708615176514\">\n\t\t\n\t\t<figure class=\"wpb_wrapper vc_figure\">\n\t\t\t<a href=\"https:\/\/ibrwpb.church\/\" target=\"_blank\" class=\"vc_single_image-wrapper vc_box_shadow_3d  vc_box_border_grey\" rel=\"noopener\"><img loading=\"lazy\" decoding=\"async\" width=\"561\" height=\"1024\" src=\"https:\/\/a1techsmart.com\/wp-content\/uploads\/2024\/02\/7.jpg\" class=\"vc_single_image-img attachment-full\" alt=\"\" title=\"7\" srcset=\"https:\/\/a1techsmart.com\/wp-content\/uploads\/2024\/02\/7.jpg 561w, https:\/\/a1techsmart.com\/wp-content\/uploads\/2024\/02\/7-164x300.jpg 164w\" sizes=\"auto, (max-width: 561px) 100vw, 561px\" \/><\/a>\n\t\t<\/figure>\n\t<\/div>\n<\/div><\/div><\/div><div class=\"wpb_column vc_column_container vc_col-sm-3\"><div class=\"vc_column-inner\"><div class=\"wpb_wrapper\">\n\t<div  class=\"wpb_single_image wpb_content_element vc_align_center  vc_custom_1715620655355\">\n\t\t\n\t\t<figure class=\"wpb_wrapper vc_figure\">\n\t\t\t<a href=\"https:\/\/garcialeyes.com\/\" target=\"_blank\" class=\"vc_single_image-wrapper vc_box_shadow_3d  vc_box_border_grey\" rel=\"noopener\"><img decoding=\"async\" class=\"vc_single_image-img\"  src=\"https:\/\/jpcomps.com\/wp-content\/uploads\/2024\/05\/2-1.jpg\" \/><\/a>\n\t\t<\/figure>\n\t<\/div>\n<\/div><\/div><\/div><\/div><div class=\"vc_row wpb_row vc_inner vc_row-fluid\"><div class=\"wpb_column vc_column_container vc_col-sm-3\"><div class=\"vc_column-inner\"><div class=\"wpb_wrapper\">\n\t<div  class=\"wpb_single_image wpb_content_element vc_align_center  vc_custom_1715620690571\">\n\t\t\n\t\t<figure class=\"wpb_wrapper vc_figure\">\n\t\t\t<a href=\"https:\/\/doralfamilydental.com\/\" target=\"_blank\" class=\"vc_single_image-wrapper vc_box_shadow_3d  vc_box_border_grey\" rel=\"noopener\"><img decoding=\"async\" class=\"vc_single_image-img\"  src=\"https:\/\/jpcomps.com\/wp-content\/uploads\/2024\/05\/1-1.jpg\" \/><\/a>\n\t\t<\/figure>\n\t<\/div>\n<\/div><\/div><\/div><div class=\"wpb_column vc_column_container vc_col-sm-3\"><div class=\"vc_column-inner\"><div class=\"wpb_wrapper\">\n\t<div  class=\"wpb_single_image wpb_content_element vc_align_center  vc_custom_1715620709196\">\n\t\t\n\t\t<figure class=\"wpb_wrapper vc_figure\">\n\t\t\t<a href=\"https:\/\/pembrokedentalspa.com\/\" target=\"_blank\" class=\"vc_single_image-wrapper vc_box_shadow_3d  vc_box_border_grey\" rel=\"noopener\"><img decoding=\"async\" class=\"vc_single_image-img\"  src=\"https:\/\/jpcomps.com\/wp-content\/uploads\/2024\/05\/pembrokeweb.jpg\" \/><\/a>\n\t\t<\/figure>\n\t<\/div>\n<\/div><\/div><\/div><div class=\"wpb_column vc_column_container vc_col-sm-3\"><div class=\"vc_column-inner\"><div class=\"wpb_wrapper\">\n\t<div  class=\"wpb_single_image wpb_content_element vc_align_center  vc_custom_1708615220738\">\n\t\t\n\t\t<figure class=\"wpb_wrapper vc_figure\">\n\t\t\t<a href=\"https:\/\/makelorental.com\/\" target=\"_blank\" class=\"vc_single_image-wrapper vc_box_shadow_3d  vc_box_border_grey\" rel=\"noopener\"><img decoding=\"async\" class=\"vc_single_image-img\"  src=\"https:\/\/jpcomps.com\/wp-content\/uploads\/2020\/05\/makeloweb-561x1024.jpg\" \/><\/a>\n\t\t<\/figure>\n\t<\/div>\n<\/div><\/div><\/div><div class=\"wpb_column vc_column_container vc_col-sm-3\"><div class=\"vc_column-inner\"><div class=\"wpb_wrapper\"><\/div><\/div><\/div><\/div><\/div><\/div><\/div><\/div><div class=\"vc_row-full-width vc_clearfix\"><\/div><div data-vc-full-width=\"true\" data-vc-full-width-init=\"false\" data-vc-stretch-content=\"true\" class=\"vc_row wpb_row vc_row-fluid vc_custom_1707228667089 vc_row-has-fill vc_row-no-padding\"><div class=\"wpb_column vc_column_container vc_col-sm-8\"><div class=\"vc_column-inner\"><div class=\"wpb_wrapper\">\n\t<div class=\"wpb_text_column wpb_content_element\" >\n\t\t<div class=\"wpb_wrapper\">\n\t\t\t<h2 style=\"text-align: center;\"><span style=\"color: #ffffff;\">\u00a1Si tiene alguna pregunta, por favor cont\u00e1ctenos!<\/span><\/h2>\n\n\t\t<\/div>\n\t<\/div>\n<\/div><\/div><\/div><div class=\"wpb_column vc_column_container vc_col-sm-4\"><div class=\"vc_column-inner\"><div class=\"wpb_wrapper\"><div class=\"vc_empty_space\"   style=\"height: 32px\"><span class=\"vc_empty_space_inner\"><\/span><\/div><div class=\"sober-button-wrapper text-center\"><a href=\"https:\/\/a1techsmart.com\/es\/contact-us\/\" title=\"Contactanos\" class=\"sober-button button-type-normal button-color-dark align-center   button normal button-normal\">Contactanos<\/a><\/div><div class=\"vc_empty_space\"   style=\"height: 32px\"><span class=\"vc_empty_space_inner\"><\/span><\/div><\/div><\/div><\/div><\/div><div class=\"vc_row-full-width vc_clearfix\"><\/div>\n<\/div>","protected":false},"excerpt":{"rendered":"Professional Web Design at Your Fingertips with A1 Tech Smart Do you need a custom&hellip;","protected":false},"author":1,"featured_media":0,"parent":0,"menu_order":0,"comment_status":"closed","ping_status":"closed","template":"","meta":{"footnotes":""},"class_list":["post-2711","page","type-page","status-publish","hentry"],"_links":{"self":[{"href":"https:\/\/a1techsmart.com\/es\/wp-json\/wp\/v2\/pages\/2711","targetHints":{"allow":["GET"]}}],"collection":[{"href":"https:\/\/a1techsmart.com\/es\/wp-json\/wp\/v2\/pages"}],"about":[{"href":"https:\/\/a1techsmart.com\/es\/wp-json\/wp\/v2\/types\/page"}],"author":[{"embeddable":true,"href":"https:\/\/a1techsmart.com\/es\/wp-json\/wp\/v2\/users\/1"}],"replies":[{"embeddable":true,"href":"https:\/\/a1techsmart.com\/es\/wp-json\/wp\/v2\/comments?post=2711"}],"version-history":[{"count":10,"href":"https:\/\/a1techsmart.com\/es\/wp-json\/wp\/v2\/pages\/2711\/revisions"}],"predecessor-version":[{"id":2920,"href":"https:\/\/a1techsmart.com\/es\/wp-json\/wp\/v2\/pages\/2711\/revisions\/2920"}],"wp:attachment":[{"href":"https:\/\/a1techsmart.com\/es\/wp-json\/wp\/v2\/media?parent=2711"}],"curies":[{"name":"wp","href":"https:\/\/api.w.org\/{rel}","templated":true}]}}