{"id":2777,"date":"2024-02-07T19:33:21","date_gmt":"2024-02-07T19:33:21","guid":{"rendered":"https:\/\/a1techsmart.com\/?page_id=2777"},"modified":"2024-02-08T15:11:34","modified_gmt":"2024-02-08T15:11:34","slug":"computer-consulting-services","status":"publish","type":"page","link":"https:\/\/a1techsmart.com\/es\/computer-consulting-services\/","title":{"rendered":"SERVICIOS DE CONSULTOR\u00cdA INFORM\u00c1TICA"},"content":{"rendered":"<div class=\"wpb-content-wrapper\"><div data-vc-full-width=\"true\" data-vc-full-width-init=\"false\" data-vc-stretch-content=\"true\" class=\"vc_row wpb_row vc_row-fluid vc_custom_1707405294152 vc_row-has-fill\"><div class=\"wpb_column vc_column_container vc_col-sm-12\"><div class=\"vc_column-inner\"><div class=\"wpb_wrapper\"><div class=\"vc_empty_space\"   style=\"height: 40px\"><span class=\"vc_empty_space_inner\"><\/span><\/div><div class=\"vc_empty_space\"   style=\"height: 40px\"><span class=\"vc_empty_space_inner\"><\/span><\/div><div class=\"vc_empty_space\"   style=\"height: 40px\"><span class=\"vc_empty_space_inner\"><\/span><\/div>\n\t<div class=\"wpb_text_column wpb_content_element  wpb_animate_when_almost_visible wpb_fadeInUp fadeInUp\" >\n\t\t<div class=\"wpb_wrapper\">\n\t\t\t<h1 style=\"text-align: center;\"><span style=\"color: #17469e;\">Servicios de consultor\u00eda inform\u00e1tica.<\/span><\/h1>\n\n\t\t<\/div>\n\t<\/div>\n<div class=\"vc_empty_space\"   style=\"height: 40px\"><span class=\"vc_empty_space_inner\"><\/span><\/div><div class=\"vc_row wpb_row vc_inner vc_row-fluid\"><div class=\"wpb_column vc_column_container vc_col-sm-4\"><div class=\"vc_column-inner\"><div class=\"wpb_wrapper\"><div class=\"sober-icon-box icon-type-fontawesome icon-style-normal  wpb_animate_when_almost_visible wpb_fadeInUp fadeInUp\">\n\t\t\t\t<div class=\"box-icon\"><i class=\"fas fa-volume-up\"><\/i><\/div>\n\t\t\t\t<h3 class=\"box-title\">Comunicaciones<\/h3>\n\t\t\t\t<div class=\"box-content\"><\/div>\n\t\t\t<\/div>\n\t<div class=\"wpb_text_column wpb_content_element\" >\n\t\t<div class=\"wpb_wrapper\">\n\t\t\t<p style=\"text-align: center;\"><span style=\"color: #000000;\">Soluciones VOIP<\/span><br \/>\n<span style=\"color: #000000;\">Implementaci\u00f3n de acceso remoto<\/span><br \/>\n<span style=\"color: #000000;\">Soluciones chat<\/span><br \/>\n<span style=\"color: #000000;\">Soluciones de telefon\u00eda celular<\/span><\/p>\n\n\t\t<\/div>\n\t<\/div>\n<div class=\"vc_empty_space\"   style=\"height: 10px\"><span class=\"vc_empty_space_inner\"><\/span><\/div><div class=\"vc_empty_space\"   style=\"height: 10px\"><span class=\"vc_empty_space_inner\"><\/span><\/div><div class=\"sober-icon-box icon-type-fontawesome icon-style-normal  wpb_animate_when_almost_visible wpb_fadeInUp fadeInUp\">\n\t\t\t\t<div class=\"box-icon\"><i class=\"fas fa-globe\"><\/i><\/div>\n\t\t\t\t<h3 class=\"box-title\">Soporte de red<\/h3>\n\t\t\t\t<div class=\"box-content\"><\/div>\n\t\t\t<\/div>\n\t<div class=\"wpb_text_column wpb_content_element\" >\n\t\t<div class=\"wpb_wrapper\">\n\t\t\t<p style=\"text-align: center;\"><span style=\"color: #000000;\">Consultor\u00eda y Dise\u00f1o de Redes.<\/span><br \/>\n<span style=\"color: #000000;\">Configuraci\u00f3n y cableado de red<\/span><br \/>\n<span style=\"color: #000000;\">Actualizaci\u00f3n de la infraestructura de red.<\/span><br \/>\n<span style=\"color: #000000;\">Reubicaci\u00f3n de infraestructura de red.<\/span><br \/>\n<span style=\"color: #000000;\">Soluciones de redes inal\u00e1mbricas.<\/span><br \/>\n<span style=\"color: #000000;\">Comunicaci\u00f3n inal\u00e1mbrica punto a punto.<\/span><br \/>\n<span style=\"color: #000000;\">Implementaci\u00f3n de tecnolog\u00eda Wi-Fi<\/span><\/p>\n\n\t\t<\/div>\n\t<\/div>\n<div class=\"vc_empty_space\"   style=\"height: 10px\"><span class=\"vc_empty_space_inner\"><\/span><\/div><div class=\"sober-icon-box icon-type-fontawesome icon-style-normal  wpb_animate_when_almost_visible wpb_fadeInUp fadeInUp\">\n\t\t\t\t<div class=\"box-icon\"><i class=\"far fa-thumbs-up\"><\/i><\/div>\n\t\t\t\t<h3 class=\"box-title\">Marketing Digital<\/h3>\n\t\t\t\t<div class=\"box-content\"><\/div>\n\t\t\t<\/div><\/div><\/div><\/div><div class=\"wpb_column vc_column_container vc_col-sm-4\"><div class=\"vc_column-inner\"><div class=\"wpb_wrapper\"><div class=\"sober-icon-box icon-type-fontawesome icon-style-normal  wpb_animate_when_almost_visible wpb_fadeInUp fadeInUp\">\n\t\t\t\t<div class=\"box-icon\"><i class=\"fas fa-bug\"><\/i><\/div>\n\t\t\t\t<h3 class=\"box-title\">Eliminaci\u00f3n de virus<\/h3>\n\t\t\t\t<div class=\"box-content\"><\/div>\n\t\t\t<\/div>\n\t<div class=\"wpb_text_column wpb_content_element\" >\n\t\t<div class=\"wpb_wrapper\">\n\t\t\t<p style=\"text-align: center;\"><span style=\"color: #000000;\">Eliminaci\u00f3n de virus inform\u00e1ticos y software esp\u00eda.<\/span><br \/>\n<span style=\"color: #000000;\">Detenci\u00f3n de Malware, Gusanos, Troyanos y Pop Ups.<\/span><br \/>\n<span style=\"color: #000000;\">Eliminaci\u00f3n de rootkits.<\/span><br \/>\n<span style=\"color: #000000;\">Rendimiento lento de la computadora<\/span><\/p>\n\n\t\t<\/div>\n\t<\/div>\n<div class=\"vc_empty_space\"   style=\"height: 10px\"><span class=\"vc_empty_space_inner\"><\/span><\/div><div class=\"vc_empty_space\"   style=\"height: 10px\"><span class=\"vc_empty_space_inner\"><\/span><\/div><div class=\"sober-icon-box icon-type-fontawesome icon-style-normal  wpb_animate_when_almost_visible wpb_fadeInUp fadeInUp\">\n\t\t\t\t<div class=\"box-icon\"><i class=\"far fa-life-ring\"><\/i><\/div>\n\t\t\t\t<h3 class=\"box-title\">IT Support<\/h3>\n\t\t\t\t<div class=\"box-content\"><\/div>\n\t\t\t<\/div>\n\t<div class=\"wpb_text_column wpb_content_element\" >\n\t\t<div class=\"wpb_wrapper\">\n\t\t\t<p style=\"text-align: center;\"><span style=\"color: #000000;\">Restauraci\u00f3n del sistema.<\/span><br \/>\n<span style=\"color: #000000;\">Mantenimiento y ajustes del sistema operativo<\/span><br \/>\n<span style=\"color: #000000;\">Sistemas de respaldo.<\/span><br \/>\n<span style=\"color: #000000;\">Acceso compartido a Internet.<\/span><br \/>\n<span style=\"color: #000000;\">Venta, actualizaci\u00f3n e instalaci\u00f3n de sistemas operativos.<\/span><br \/>\n<span style=\"color: #000000;\">Inventario del sistema<\/span><\/p>\n\n\t\t<\/div>\n\t<\/div>\n<div class=\"vc_empty_space\"   style=\"height: 10px\"><span class=\"vc_empty_space_inner\"><\/span><\/div><\/div><\/div><\/div><div class=\"wpb_column vc_column_container vc_col-sm-4\"><div class=\"vc_column-inner\"><div class=\"wpb_wrapper\"><div class=\"vc_empty_space\"   style=\"height: 10px\"><span class=\"vc_empty_space_inner\"><\/span><\/div><div class=\"sober-icon-box icon-type-fontawesome icon-style-normal  wpb_animate_when_almost_visible wpb_fadeInUp fadeInUp\">\n\t\t\t\t<div class=\"box-icon\"><i class=\"fas fa-shield-alt\"><\/i><\/div>\n\t\t\t\t<h3 class=\"box-title\">Soluciones de seguridad<\/h3>\n\t\t\t\t<div class=\"box-content\"><\/div>\n\t\t\t<\/div>\n\t<div class=\"wpb_text_column wpb_content_element\" >\n\t\t<div class=\"wpb_wrapper\">\n\t\t\t<p style=\"text-align: center;\"><span style=\"color: #000000;\">Conexi\u00f3n segura punto a punto<\/span><br \/>\n<span style=\"color: #000000;\">Instalaci\u00f3n y configuraci\u00f3n de firewall.<\/span><br \/>\n<span style=\"color: #000000;\">Soluciones de control de spam<\/span><br \/>\n<span style=\"color: #000000;\">Soluciones de filtrado web<\/span><br \/>\n<span style=\"color: #000000;\">Consultor\u00eda y Auditor\u00edas de Seguridad<\/span><\/p>\n\n\t\t<\/div>\n\t<\/div>\n<div class=\"vc_empty_space\"   style=\"height: 10px\"><span class=\"vc_empty_space_inner\"><\/span><\/div><div class=\"sober-icon-box icon-type-fontawesome icon-style-normal  wpb_animate_when_almost_visible wpb_fadeInUp fadeInUp\">\n\t\t\t\t<div class=\"box-icon\"><i class=\"fas fa-server\"><\/i><\/div>\n\t\t\t\t<h3 class=\"box-title\">Soluciones de hardware<\/h3>\n\t\t\t\t<div class=\"box-content\"><\/div>\n\t\t\t<\/div>\n\t<div class=\"wpb_text_column wpb_content_element\" >\n\t\t<div class=\"wpb_wrapper\">\n\t\t\t<p style=\"text-align: center;\"><span style=\"color: #000000;\">Reparaci\u00f3n de pantalla de port\u00e1til<\/span><br \/>\n<span style=\"color: #000000;\">Recuperaci\u00f3n de datos.<\/span><br \/>\n<span style=\"color: #000000;\">Mantenimiento y reparaci\u00f3n de impresoras.<\/span><\/p>\n\n\t\t<\/div>\n\t<\/div>\n<div class=\"vc_empty_space\"   style=\"height: 40px\"><span class=\"vc_empty_space_inner\"><\/span><\/div>\n\t<div  class=\"wpb_single_image wpb_content_element vc_align_center  wpb_animate_when_almost_visible wpb_fadeInUp fadeInUp\">\n\t\t\n\t\t<figure class=\"wpb_wrapper vc_figure\">\n\t\t\t<div class=\"vc_single_image-wrapper   vc_box_border_grey\"><img loading=\"lazy\" decoding=\"async\" width=\"300\" height=\"96\" src=\"https:\/\/a1techsmart.com\/wp-content\/uploads\/2024\/01\/Logo-A1-Tech-Smart_Mesa-de-trabajo-1-e1706538798203-300x96.png\" class=\"vc_single_image-img attachment-medium\" alt=\"\" title=\"Logo A1 Tech Smart_Mesa de trabajo 1\" srcset=\"https:\/\/a1techsmart.com\/wp-content\/uploads\/2024\/01\/Logo-A1-Tech-Smart_Mesa-de-trabajo-1-e1706538798203-300x96.png 300w, https:\/\/a1techsmart.com\/wp-content\/uploads\/2024\/01\/Logo-A1-Tech-Smart_Mesa-de-trabajo-1-e1706538798203-1024x328.png 1024w, https:\/\/a1techsmart.com\/wp-content\/uploads\/2024\/01\/Logo-A1-Tech-Smart_Mesa-de-trabajo-1-e1706538798203-768x246.png 768w, https:\/\/a1techsmart.com\/wp-content\/uploads\/2024\/01\/Logo-A1-Tech-Smart_Mesa-de-trabajo-1-e1706538798203-1536x491.png 1536w, https:\/\/a1techsmart.com\/wp-content\/uploads\/2024\/01\/Logo-A1-Tech-Smart_Mesa-de-trabajo-1-e1706538798203.png 1772w\" sizes=\"auto, (max-width: 300px) 100vw, 300px\" \/><\/div>\n\t\t<\/figure>\n\t<\/div>\n<\/div><\/div><\/div><\/div><div class=\"vc_empty_space\"   style=\"height: 40px\"><span class=\"vc_empty_space_inner\"><\/span><\/div><\/div><\/div><\/div><\/div><div class=\"vc_row-full-width vc_clearfix\"><\/div><div data-vc-full-width=\"true\" data-vc-full-width-init=\"false\" data-vc-stretch-content=\"true\" class=\"vc_row wpb_row vc_row-fluid vc_custom_1707143248765 vc_row-has-fill vc_row-no-padding\"><div class=\"wpb_column vc_column_container vc_col-sm-8\"><div class=\"vc_column-inner\"><div class=\"wpb_wrapper\">\n\t<div class=\"wpb_text_column wpb_content_element  wpb_animate_when_almost_visible wpb_fadeInUp fadeInUp\" >\n\t\t<div class=\"wpb_wrapper\">\n\t\t\t<h2 style=\"text-align: center;\"><span style=\"color: #ffffff;\">\u00a1Si tiene alguna pregunta, por favor cont\u00e1ctenos!<\/span><\/h2>\n\n\t\t<\/div>\n\t<\/div>\n<\/div><\/div><\/div><div class=\"wpb_column vc_column_container vc_col-sm-4\"><div class=\"vc_column-inner\"><div class=\"wpb_wrapper\"><div class=\"vc_empty_space\"   style=\"height: 32px\"><span class=\"vc_empty_space_inner\"><\/span><\/div><a href=\"https:\/\/a1techsmart.com\/es\/contact-us\/\" title=\"Contactanos\" class=\"sober-button button-type-normal button-color-dark align-inline   button normal button-normal\">Contactanos<\/a><div class=\"vc_empty_space\"   style=\"height: 32px\"><span class=\"vc_empty_space_inner\"><\/span><\/div><\/div><\/div><\/div><\/div><div class=\"vc_row-full-width vc_clearfix\"><\/div>\n<\/div>","protected":false},"excerpt":{"rendered":"Computer consulting services Communications \u2022VOIP Solutions \u2022Remote Access Implementation \u2022Chat Solutions \u2022Cell Phone Solutions Network&hellip;","protected":false},"author":1,"featured_media":0,"parent":0,"menu_order":0,"comment_status":"closed","ping_status":"closed","template":"templates\/homepage.php","meta":{"footnotes":""},"class_list":["post-2777","page","type-page","status-publish","hentry"],"_links":{"self":[{"href":"https:\/\/a1techsmart.com\/es\/wp-json\/wp\/v2\/pages\/2777","targetHints":{"allow":["GET"]}}],"collection":[{"href":"https:\/\/a1techsmart.com\/es\/wp-json\/wp\/v2\/pages"}],"about":[{"href":"https:\/\/a1techsmart.com\/es\/wp-json\/wp\/v2\/types\/page"}],"author":[{"embeddable":true,"href":"https:\/\/a1techsmart.com\/es\/wp-json\/wp\/v2\/users\/1"}],"replies":[{"embeddable":true,"href":"https:\/\/a1techsmart.com\/es\/wp-json\/wp\/v2\/comments?post=2777"}],"version-history":[{"count":10,"href":"https:\/\/a1techsmart.com\/es\/wp-json\/wp\/v2\/pages\/2777\/revisions"}],"predecessor-version":[{"id":2817,"href":"https:\/\/a1techsmart.com\/es\/wp-json\/wp\/v2\/pages\/2777\/revisions\/2817"}],"wp:attachment":[{"href":"https:\/\/a1techsmart.com\/es\/wp-json\/wp\/v2\/media?parent=2777"}],"curies":[{"name":"wp","href":"https:\/\/api.w.org\/{rel}","templated":true}]}}