{"id":319,"date":"2016-08-23T04:15:21","date_gmt":"2016-08-23T04:15:21","guid":{"rendered":"http:\/\/demo.uix.store\/sober\/?page_id=319"},"modified":"2024-02-08T18:21:14","modified_gmt":"2024-02-08T18:21:14","slug":"about-us","status":"publish","type":"page","link":"https:\/\/a1techsmart.com\/es\/about-us\/","title":{"rendered":"Nosotros"},"content":{"rendered":"<div class=\"wpb-content-wrapper\"><div data-vc-full-width=\"true\" data-vc-full-width-init=\"false\" data-vc-stretch-content=\"true\" class=\"vc_row wpb_row vc_row-fluid vc_custom_1707414486667 vc_row-has-fill\"><div class=\"wpb_column vc_column_container vc_col-sm-12\"><div class=\"vc_column-inner\"><div class=\"wpb_wrapper\"><div class=\"vc_empty_space\"   style=\"height: 32px\"><span class=\"vc_empty_space_inner\"><\/span><\/div>\n\t<div class=\"wpb_text_column wpb_content_element\" >\n\t\t<div class=\"wpb_wrapper\">\n\t\t\t<p style=\"color: #23232c; font-size: 22px; font-weight: 500; line-height: 34px; text-align: center;\">A1TECHSMART es una empresa creada en 2015 con el objetivo de ofrecer todo tipo de servicios tecnol\u00f3gicos tanto en el \u00e1mbito residencial como comercial.<\/p>\n<p style=\"color: #23232c; font-size: 22px; font-weight: 500; line-height: 34px; text-align: center;\">Contamos con un equipo especializado en el \u00e1rea de cableado estructurado, sistemas y servicios de seguridad y mantenimiento de redes (IT).<\/p>\n\n\t\t<\/div>\n\t<\/div>\n<div class=\"vc_empty_space\"   style=\"height: 32px\"><span class=\"vc_empty_space_inner\"><\/span><\/div><div class=\"vc_row wpb_row vc_inner vc_row-fluid\"><div class=\"wpb_column vc_column_container vc_col-sm-6\"><div class=\"vc_column-inner\"><div class=\"wpb_wrapper\">\n\t<div class=\"wpb_text_column wpb_content_element\" >\n\t\t<div class=\"wpb_wrapper\">\n\t\t\t<h3 id=\"tw-target-text\" class=\"tw-data-text tw-text-large tw-ta\" dir=\"ltr\" data-placeholder=\"Traducci\u00f3n\" data-ved=\"2ahUKEwjQl7DMpZyEAxUIRDABHa0UCxAQ3ewLegQIBRAU\"><span class=\"Y2IQFc\" lang=\"en\">Conforme han pasado los a\u00f1os y con los avances tecnol\u00f3gicos hemos ido implementando muchos m\u00e1s servicios como sistemas avanzados de control de acceso, instalaci\u00f3n y monitoreo de sistemas de seguridad, c\u00e1maras de seguridad, Instalaci\u00f3n de sistemas de sonido, casas inteligentes, luces inteligentes, instalaci\u00f3n de cableado de fibra \u00f3ptica entre otros. servicios.<\/span><\/h3>\n\n\t\t<\/div>\n\t<\/div>\n\n\t<div class=\"wpb_text_column wpb_content_element\" >\n\t\t<div class=\"wpb_wrapper\">\n\t\t\t<h3 id=\"tw-target-text\" class=\"tw-data-text tw-text-large tw-ta\" dir=\"ltr\" data-placeholder=\"Traducci\u00f3n\" data-ved=\"2ahUKEwjQl7DMpZyEAxUIRDABHa0UCxAQ3ewLegQIBRAU\"><span class=\"Y2IQFc\" lang=\"en\">Todos nuestros t\u00e9cnicos est\u00e1n altamente capacitados y cuentan con certificaciones como Control 4, Lutron entre otras. Nuestro objetivo como empresa es estar actualizados en los sistemas tecnol\u00f3gicos para poder ofrecer un servicio m\u00e1s completo. Nuestro objetivo es brindar un servicio de excelencia y satisfacer todas las necesidades tecnol\u00f3gicas que tengan nuestros clientes, tanto en el \u00e1rea residencial como comercial.<\/span><\/h3>\n\n\t\t<\/div>\n\t<\/div>\n<div class=\"vc_empty_space\"   style=\"height: 32px\"><span class=\"vc_empty_space_inner\"><\/span><\/div><\/div><\/div><\/div><div class=\"wpb_column vc_column_container vc_col-sm-6\"><div class=\"vc_column-inner\"><div class=\"wpb_wrapper\">\n\t<div  class=\"wpb_single_image wpb_content_element vc_align_center\">\n\t\t\n\t\t<figure class=\"wpb_wrapper vc_figure\">\n\t\t\t<div class=\"vc_single_image-wrapper vc_box_shadow  vc_box_border_grey\"><img loading=\"lazy\" decoding=\"async\" width=\"1500\" height=\"1001\" src=\"https:\/\/a1techsmart.com\/wp-content\/uploads\/2024\/02\/smart-tech-1A.jpg\" class=\"vc_single_image-img attachment-full\" alt=\"\" title=\"smart tech 1A\" srcset=\"https:\/\/a1techsmart.com\/wp-content\/uploads\/2024\/02\/smart-tech-1A.jpg 1500w, https:\/\/a1techsmart.com\/wp-content\/uploads\/2024\/02\/smart-tech-1A-300x200.jpg 300w, https:\/\/a1techsmart.com\/wp-content\/uploads\/2024\/02\/smart-tech-1A-1024x683.jpg 1024w, https:\/\/a1techsmart.com\/wp-content\/uploads\/2024\/02\/smart-tech-1A-768x513.jpg 768w, https:\/\/a1techsmart.com\/wp-content\/uploads\/2024\/02\/smart-tech-1A-360x240.jpg 360w\" sizes=\"auto, (max-width: 1500px) 100vw, 1500px\" \/><\/div>\n\t\t<\/figure>\n\t<\/div>\n<div class=\"vc_empty_space\"   style=\"height: 32px\"><span class=\"vc_empty_space_inner\"><\/span><\/div>\n\t<div  class=\"wpb_single_image wpb_content_element vc_align_center\">\n\t\t\n\t\t<figure class=\"wpb_wrapper vc_figure\">\n\t\t\t<div class=\"vc_single_image-wrapper   vc_box_border_grey\"><img loading=\"lazy\" decoding=\"async\" width=\"1772\" height=\"567\" src=\"https:\/\/a1techsmart.com\/wp-content\/uploads\/2024\/01\/Logo-A1-Tech-Smart_Mesa-de-trabajo-1-e1706538798203.png\" class=\"vc_single_image-img attachment-full\" alt=\"\" title=\"Logo A1 Tech Smart_Mesa de trabajo 1\" srcset=\"https:\/\/a1techsmart.com\/wp-content\/uploads\/2024\/01\/Logo-A1-Tech-Smart_Mesa-de-trabajo-1-e1706538798203.png 1772w, https:\/\/a1techsmart.com\/wp-content\/uploads\/2024\/01\/Logo-A1-Tech-Smart_Mesa-de-trabajo-1-e1706538798203-300x96.png 300w, https:\/\/a1techsmart.com\/wp-content\/uploads\/2024\/01\/Logo-A1-Tech-Smart_Mesa-de-trabajo-1-e1706538798203-1024x328.png 1024w, https:\/\/a1techsmart.com\/wp-content\/uploads\/2024\/01\/Logo-A1-Tech-Smart_Mesa-de-trabajo-1-e1706538798203-768x246.png 768w, https:\/\/a1techsmart.com\/wp-content\/uploads\/2024\/01\/Logo-A1-Tech-Smart_Mesa-de-trabajo-1-e1706538798203-1536x491.png 1536w\" sizes=\"auto, (max-width: 1772px) 100vw, 1772px\" \/><\/div>\n\t\t<\/figure>\n\t<\/div>\n<div class=\"vc_empty_space\"   style=\"height: 32px\"><span class=\"vc_empty_space_inner\"><\/span><\/div><\/div><\/div><\/div><\/div><\/div><\/div><\/div><\/div><div class=\"vc_row-full-width vc_clearfix\"><\/div><div data-vc-full-width=\"true\" data-vc-full-width-init=\"false\" data-vc-stretch-content=\"true\" class=\"vc_row wpb_row vc_row-fluid vc_custom_1707416354493 vc_row-has-fill\"><div class=\"wpb_column vc_column_container vc_col-sm-6\"><div class=\"vc_column-inner\"><div class=\"wpb_wrapper\">\n\t<div class=\"wpb_text_column wpb_content_element\" >\n\t\t<div class=\"wpb_wrapper\">\n\t\t\t<h2 style=\"text-align: center;\"><span style=\"color: #ffffff;\">\u00a1Si tiene alguna pregunta, por favor cont\u00e1ctenos!<\/span><\/h2>\n\n\t\t<\/div>\n\t<\/div>\n<\/div><\/div><\/div><div class=\"wpb_column vc_column_container vc_col-sm-6\"><div class=\"vc_column-inner\"><div class=\"wpb_wrapper\"><div class=\"vc_empty_space\"   style=\"height: 32px\"><span class=\"vc_empty_space_inner\"><\/span><\/div><div class=\"sober-button-wrapper text-center\"><a href=\"https:\/\/a1techsmart.com\/es\/contact-us\/\" title=\"Contactanos\" class=\"sober-button button-type-normal button-color-dark align-center   button normal button-normal\">Contactanos<\/a><\/div><div class=\"vc_empty_space\"   style=\"height: 32px\"><span class=\"vc_empty_space_inner\"><\/span><\/div><\/div><\/div><\/div><\/div><div class=\"vc_row-full-width vc_clearfix\"><\/div>\n<\/div>","protected":false},"excerpt":{"rendered":"A1TECHSMART is a company created in 2015 with the objective to offer all types of&hellip;","protected":false},"author":1,"featured_media":0,"parent":0,"menu_order":0,"comment_status":"closed","ping_status":"closed","template":"","meta":{"footnotes":""},"class_list":["post-319","page","type-page","status-publish","hentry"],"_links":{"self":[{"href":"https:\/\/a1techsmart.com\/es\/wp-json\/wp\/v2\/pages\/319","targetHints":{"allow":["GET"]}}],"collection":[{"href":"https:\/\/a1techsmart.com\/es\/wp-json\/wp\/v2\/pages"}],"about":[{"href":"https:\/\/a1techsmart.com\/es\/wp-json\/wp\/v2\/types\/page"}],"author":[{"embeddable":true,"href":"https:\/\/a1techsmart.com\/es\/wp-json\/wp\/v2\/users\/1"}],"replies":[{"embeddable":true,"href":"https:\/\/a1techsmart.com\/es\/wp-json\/wp\/v2\/comments?post=319"}],"version-history":[{"count":7,"href":"https:\/\/a1techsmart.com\/es\/wp-json\/wp\/v2\/pages\/319\/revisions"}],"predecessor-version":[{"id":2833,"href":"https:\/\/a1techsmart.com\/es\/wp-json\/wp\/v2\/pages\/319\/revisions\/2833"}],"wp:attachment":[{"href":"https:\/\/a1techsmart.com\/es\/wp-json\/wp\/v2\/media?parent=319"}],"curies":[{"name":"wp","href":"https:\/\/api.w.org\/{rel}","templated":true}]}}